{"id":373905,"date":"2026-03-08T03:05:30","date_gmt":"2026-03-08T02:05:30","guid":{"rendered":"https:\/\/grupotextil.es\/producto\/sudadera-de-mujer-con-capucha\/"},"modified":"2026-03-08T03:05:30","modified_gmt":"2026-03-08T02:05:30","slug":"sudadera-de-mujer-con-capucha","status":"publish","type":"product","link":"https:\/\/grupotextil.es\/en\/product\/sudadera-de-mujer-con-capucha\/","title":{"rendered":"Sudadera de mujer con capucha"},"content":{"rendered":"<ul>\n<li>280 g\/m\u00b2<\/li>\n<li>80% algod\u00f3n ring-spun peinado, 20% poli\u00e9ster (Light Oxford: 70% algod\u00f3n, 30% poli\u00e9ster)<\/li>\n<li>Reverso peinado<\/li>\n<li>Capucha con forro interior del mismo tejido<\/li>\n<li>Cord\u00f3n ajustable del mismo color<\/li>\n<li>Mangas montadas<\/li>\n<li>Bolsillo delantero tipo canguro con costuras superior e inferior para reforzar las aberturas<\/li>\n<li>Pu\u00f1o y dobladillo de canal\u00e9<\/li>\n<li>Costuras laterales<\/li>\n<\/ul>","protected":false},"excerpt":{"rendered":"<p>280 g\/m\u00b280% algod\u00f3n ring-spun peinado, 20% poli\u00e9ster (Light Oxford: 70% algod\u00f3n, 30% poli\u00e9ster)Reverso peinadoCapucha con forro interior del mismo tejidoCord\u00f3n ajustable del mismo colorMangas montadas<\/p>","protected":false},"featured_media":414066,"comment_status":"open","ping_status":"closed","template":"","meta":{"_acf_changed":false},"product_brand":[11676],"product_cat":[13973],"product_tag":[],"class_list":{"0":"post-373905","1":"product","2":"type-product","3":"status-publish","4":"has-post-thumbnail","6":"product_brand-sg","7":"product_cat-ropa","8":"tm-no-options","10":"first","11":"instock","12":"taxable","13":"shipping-taxable","14":"product-type-variable"},"acf":[],"_links":{"self":[{"href":"https:\/\/grupotextil.es\/en\/wp-json\/wp\/v2\/product\/373905","targetHints":{"allow":["GET"]}}],"collection":[{"href":"https:\/\/grupotextil.es\/en\/wp-json\/wp\/v2\/product"}],"about":[{"href":"https:\/\/grupotextil.es\/en\/wp-json\/wp\/v2\/types\/product"}],"replies":[{"embeddable":true,"href":"https:\/\/grupotextil.es\/en\/wp-json\/wp\/v2\/comments?post=373905"}],"wp:featuredmedia":[{"embeddable":true,"href":"https:\/\/grupotextil.es\/en\/wp-json\/wp\/v2\/media\/414066"}],"wp:attachment":[{"href":"https:\/\/grupotextil.es\/en\/wp-json\/wp\/v2\/media?parent=373905"}],"wp:term":[{"taxonomy":"product_brand","embeddable":true,"href":"https:\/\/grupotextil.es\/en\/wp-json\/wp\/v2\/product_brand?post=373905"},{"taxonomy":"product_cat","embeddable":true,"href":"https:\/\/grupotextil.es\/en\/wp-json\/wp\/v2\/product_cat?post=373905"},{"taxonomy":"product_tag","embeddable":true,"href":"https:\/\/grupotextil.es\/en\/wp-json\/wp\/v2\/product_tag?post=373905"}],"curies":[{"name":"wp","href":"https:\/\/api.w.org\/{rel}","templated":true}]}}