{"id":374004,"date":"2026-03-08T03:05:52","date_gmt":"2026-03-08T02:05:52","guid":{"rendered":"https:\/\/grupotextil.es\/producto\/sudadera-capucha-raglan-mujer\/"},"modified":"2026-03-08T03:05:52","modified_gmt":"2026-03-08T02:05:52","slug":"sudadera-capucha-raglan-mujer","status":"publish","type":"product","link":"https:\/\/grupotextil.es\/en\/product\/sudadera-capucha-raglan-mujer\/","title":{"rendered":"Sudadera capucha ragl\u00e1n mujer"},"content":{"rendered":"<ul>\n<li>300 g\/m\u00b2<\/li>\n<li>80% algod\u00f3n, 20% poli\u00e9ster<\/li>\n<li>Sport Grey: 70% algod\u00f3n, 30% poli\u00e9ster<\/li>\n<li>Superficie externa 100% algod\u00f3n para una mayor calidad de impresi\u00f3n y un tacto suave<\/li>\n<li>Corte femenino<\/li>\n<li>No desti\u00f1e<\/li>\n<li>Capucha doble del mismo tejido<\/li>\n<li>Cord\u00f3n ajustable del mismo color<\/li>\n<li>Mangas ragl\u00e1n<\/li>\n<li>Bolsillo canguro<\/li>\n<li>Puntos de doble aguja<\/li>\n<li>Pu\u00f1os y bajo de canal\u00e9 de lycra<\/li>\n<\/ul>","protected":false},"excerpt":{"rendered":"<p>300 g\/m\u00b280% algod\u00f3n, 20% poli\u00e9sterSport Grey: 70% algod\u00f3n, 30% poli\u00e9sterSuperficie externa 100% algod\u00f3n para una mayor calidad de impresi\u00f3n y un tacto suaveCorte femeninoNo desti\u00f1eCapucha doble del mi<\/p>","protected":false},"featured_media":414082,"comment_status":"open","ping_status":"closed","template":"","meta":{"_acf_changed":false},"product_brand":[11677],"product_cat":[13973],"product_tag":[],"class_list":{"0":"post-374004","1":"product","2":"type-product","3":"status-publish","4":"has-post-thumbnail","6":"product_brand-fdm","7":"product_cat-ropa","8":"tm-no-options","10":"first","11":"instock","12":"taxable","13":"shipping-taxable","14":"product-type-variable"},"acf":[],"_links":{"self":[{"href":"https:\/\/grupotextil.es\/en\/wp-json\/wp\/v2\/product\/374004","targetHints":{"allow":["GET"]}}],"collection":[{"href":"https:\/\/grupotextil.es\/en\/wp-json\/wp\/v2\/product"}],"about":[{"href":"https:\/\/grupotextil.es\/en\/wp-json\/wp\/v2\/types\/product"}],"replies":[{"embeddable":true,"href":"https:\/\/grupotextil.es\/en\/wp-json\/wp\/v2\/comments?post=374004"}],"wp:featuredmedia":[{"embeddable":true,"href":"https:\/\/grupotextil.es\/en\/wp-json\/wp\/v2\/media\/414082"}],"wp:attachment":[{"href":"https:\/\/grupotextil.es\/en\/wp-json\/wp\/v2\/media?parent=374004"}],"wp:term":[{"taxonomy":"product_brand","embeddable":true,"href":"https:\/\/grupotextil.es\/en\/wp-json\/wp\/v2\/product_brand?post=374004"},{"taxonomy":"product_cat","embeddable":true,"href":"https:\/\/grupotextil.es\/en\/wp-json\/wp\/v2\/product_cat?post=374004"},{"taxonomy":"product_tag","embeddable":true,"href":"https:\/\/grupotextil.es\/en\/wp-json\/wp\/v2\/product_tag?post=374004"}],"curies":[{"name":"wp","href":"https:\/\/api.w.org\/{rel}","templated":true}]}}