{"id":374117,"date":"2026-03-08T03:06:38","date_gmt":"2026-03-08T02:06:38","guid":{"rendered":"https:\/\/grupotextil.es\/producto\/womens-oversized-hoodie\/"},"modified":"2026-03-08T03:06:38","modified_gmt":"2026-03-08T02:06:38","slug":"womens-oversized-hoodie","status":"publish","type":"product","link":"https:\/\/grupotextil.es\/en\/product\/womens-oversized-hoodie\/","title":{"rendered":"Womens Oversizedd Hoodie"},"content":{"rendered":"<ul>\n<li>370 g\/m\u00b2<\/li>\n<li>87% algod\u00f3n org\u00e1nico, 13% poli\u00e9ster reciclado<\/li>\n<li>Estilo del Grupo H&amp;M<\/li>\n<li>Puntada de aguja simple en el cuello<\/li>\n<li>Capucha<\/li>\n<li>Costilla en las mangas y dobladillo inferior<\/li>\n<li>Puntada cruzada en la sisa<\/li>\n<li>Costura plana en la parte trasera de la capucha<\/li>\n<li>Costura de hombro con puntada de cadena<\/li>\n<li>Cinta para el interior del cuello<\/li>\n<li>Capucha de tejido doble con canal\u00e9 1X1<\/li>\n<li>Cordones redondos<\/li>\n<li>Parche de media luna en la espalda<\/li>\n<li>Sensaci\u00f3n en la mano: Peso pesado y seco<\/li>\n<\/ul>","protected":false},"excerpt":{"rendered":"<p>370 g\/m\u00b287% algod\u00f3n org\u00e1nico, 13% poli\u00e9ster recicladoEstilo del Grupo H&#038;MPuntada de aguja simple en el cuelloCapuchaCostilla en las mangas y dobladillo inferiorPuntada cruzada en la sisaCostura plana<\/p>","protected":false},"featured_media":414109,"comment_status":"open","ping_status":"closed","template":"","meta":{"_acf_changed":false},"product_brand":[11661],"product_cat":[13975,13973],"product_tag":[],"class_list":{"0":"post-374117","1":"product","2":"type-product","3":"status-publish","4":"has-post-thumbnail","6":"product_brand-true-blanks","7":"product_cat-ropa-mujer","8":"product_cat-ropa","9":"tm-no-options","11":"first","12":"instock","13":"taxable","14":"shipping-taxable","15":"product-type-variable"},"acf":[],"_links":{"self":[{"href":"https:\/\/grupotextil.es\/en\/wp-json\/wp\/v2\/product\/374117","targetHints":{"allow":["GET"]}}],"collection":[{"href":"https:\/\/grupotextil.es\/en\/wp-json\/wp\/v2\/product"}],"about":[{"href":"https:\/\/grupotextil.es\/en\/wp-json\/wp\/v2\/types\/product"}],"replies":[{"embeddable":true,"href":"https:\/\/grupotextil.es\/en\/wp-json\/wp\/v2\/comments?post=374117"}],"wp:featuredmedia":[{"embeddable":true,"href":"https:\/\/grupotextil.es\/en\/wp-json\/wp\/v2\/media\/414109"}],"wp:attachment":[{"href":"https:\/\/grupotextil.es\/en\/wp-json\/wp\/v2\/media?parent=374117"}],"wp:term":[{"taxonomy":"product_brand","embeddable":true,"href":"https:\/\/grupotextil.es\/en\/wp-json\/wp\/v2\/product_brand?post=374117"},{"taxonomy":"product_cat","embeddable":true,"href":"https:\/\/grupotextil.es\/en\/wp-json\/wp\/v2\/product_cat?post=374117"},{"taxonomy":"product_tag","embeddable":true,"href":"https:\/\/grupotextil.es\/en\/wp-json\/wp\/v2\/product_tag?post=374117"}],"curies":[{"name":"wp","href":"https:\/\/api.w.org\/{rel}","templated":true}]}}