{"id":374240,"date":"2026-03-08T03:08:12","date_gmt":"2026-03-08T02:08:12","guid":{"rendered":"https:\/\/grupotextil.es\/producto\/chaqueta-con-cremallera-para-ninos-id-334\/"},"modified":"2026-03-08T03:08:12","modified_gmt":"2026-03-08T02:08:12","slug":"chaqueta-con-cremallera-para-ninos-id-334","status":"publish","type":"product","link":"https:\/\/grupotextil.es\/en\/product\/chaqueta-con-cremallera-para-ninos-id-334\/","title":{"rendered":"Jacket con Zip para Kidss ID.334"},"content":{"rendered":"<ul>\n<li>280 g\/m\u00b2<\/li>\n<li>80 % algod\u00f3n (invirtiendo en un mejor algod\u00f3n) \/ 20 % poli\u00e9ster (reciclado) &#8211; Certificado RCS<\/li>\n<li>Dise\u00f1ado para ni\u00f1os y ni\u00f1as (g\u00e9nero neutro), desde ni\u00f1os hasta adolescentes.<\/li>\n<li>Costura lateral<\/li>\n<li>Ajuste relajado cl\u00e1sico y moderno para todas las ocasiones.<\/li>\n<li>Cara 100% algod\u00f3n con excelente capacidad de impresi\u00f3n y tacto suave.<\/li>\n<li>Capucha forrada de jersey sencillo dise\u00f1ada por expertos para un ajuste perfecto<\/li>\n<li>Sin cord\u00f3n para mayor seguridad.<\/li>\n<li>Bolsillos pensados y fabricados para la comodidad de las mano<\/li>\n<li>Mu\u00f1ecas clasicas y cinta inferior con elastano<\/li>\n<li>Sin etiqueta, f\u00e1cil de rebrandear<\/li>\n<\/ul>","protected":false},"excerpt":{"rendered":"<p>280 g\/m\u00b280 % algod\u00f3n (invirtiendo en un mejor algod\u00f3n) \/ 20 % poli\u00e9ster (reciclado) &#8211; Certificado RCSDise\u00f1ado para ni\u00f1os y ni\u00f1as (g\u00e9nero neutro), desde ni\u00f1os hasta adolescentes.<\/p>","protected":false},"featured_media":414175,"comment_status":"open","ping_status":"closed","template":"","meta":{"_acf_changed":false},"product_brand":[11653],"product_cat":[13975,13973],"product_tag":[],"class_list":{"0":"post-374240","1":"product","2":"type-product","3":"status-publish","4":"has-post-thumbnail","6":"product_brand-b-c","7":"product_cat-ropa-mujer","8":"product_cat-ropa","9":"tm-no-options","11":"first","12":"instock","13":"taxable","14":"shipping-taxable","15":"product-type-variable"},"acf":[],"_links":{"self":[{"href":"https:\/\/grupotextil.es\/en\/wp-json\/wp\/v2\/product\/374240","targetHints":{"allow":["GET"]}}],"collection":[{"href":"https:\/\/grupotextil.es\/en\/wp-json\/wp\/v2\/product"}],"about":[{"href":"https:\/\/grupotextil.es\/en\/wp-json\/wp\/v2\/types\/product"}],"replies":[{"embeddable":true,"href":"https:\/\/grupotextil.es\/en\/wp-json\/wp\/v2\/comments?post=374240"}],"wp:featuredmedia":[{"embeddable":true,"href":"https:\/\/grupotextil.es\/en\/wp-json\/wp\/v2\/media\/414175"}],"wp:attachment":[{"href":"https:\/\/grupotextil.es\/en\/wp-json\/wp\/v2\/media?parent=374240"}],"wp:term":[{"taxonomy":"product_brand","embeddable":true,"href":"https:\/\/grupotextil.es\/en\/wp-json\/wp\/v2\/product_brand?post=374240"},{"taxonomy":"product_cat","embeddable":true,"href":"https:\/\/grupotextil.es\/en\/wp-json\/wp\/v2\/product_cat?post=374240"},{"taxonomy":"product_tag","embeddable":true,"href":"https:\/\/grupotextil.es\/en\/wp-json\/wp\/v2\/product_tag?post=374240"}],"curies":[{"name":"wp","href":"https:\/\/api.w.org\/{rel}","templated":true}]}}