{"id":374280,"date":"2026-03-08T03:08:29","date_gmt":"2026-03-08T02:08:29","guid":{"rendered":"https:\/\/grupotextil.es\/producto\/sudadera-con-capucha-en-contraste-mujer\/"},"modified":"2026-03-08T03:08:29","modified_gmt":"2026-03-08T02:08:29","slug":"sudadera-con-capucha-en-contraste-mujer","status":"publish","type":"product","link":"https:\/\/grupotextil.es\/en\/product\/sudadera-con-capucha-en-contraste-mujer\/","title":{"rendered":"Sudadera con capucha en contraste mujer"},"content":{"rendered":"<ul>\n<li>280 g\/m\u00b2<\/li>\n<li>80% algod\u00f3n ring-spun peinado, 20% poli\u00e9ster polar (Light Oxford: 70% algod\u00f3n, 30% poli\u00e9ster)<\/li>\n<li>Interior capucha contrastada con forro de malla<\/li>\n<li>Cuello encintado en espiguilla en contraste (del mismo color del forro)<\/li>\n<li>Presillas en espiguilla en contraste para auriculares (del mismo color del forro)<\/li>\n<li>Overlock de 5 agujas para un look moderno<\/li>\n<li>Cord\u00f3n del mismo color del forro<\/li>\n<li>Bolsillo para MP3 dentro del bolsillo canguro<\/li>\n<li>Agujero para el pulgar<\/li>\n<\/ul>","protected":false},"excerpt":{"rendered":"<p>280 g\/m\u00b280% algod\u00f3n ring-spun peinado, 20% poli\u00e9ster polar (Light Oxford: 70% algod\u00f3n, 30% poli\u00e9ster)Interior capucha contrastada con forro de mallaCuello encintado en espiguilla en contraste (del mis<\/p>","protected":false},"featured_media":414209,"comment_status":"open","ping_status":"closed","template":"","meta":{"_acf_changed":false},"product_brand":[11676],"product_cat":[13975,13973],"product_tag":[],"class_list":{"0":"post-374280","1":"product","2":"type-product","3":"status-publish","4":"has-post-thumbnail","6":"product_brand-sg","7":"product_cat-ropa-mujer","8":"product_cat-ropa","9":"tm-no-options","11":"first","12":"instock","13":"taxable","14":"shipping-taxable","15":"product-type-variable"},"acf":[],"_links":{"self":[{"href":"https:\/\/grupotextil.es\/en\/wp-json\/wp\/v2\/product\/374280","targetHints":{"allow":["GET"]}}],"collection":[{"href":"https:\/\/grupotextil.es\/en\/wp-json\/wp\/v2\/product"}],"about":[{"href":"https:\/\/grupotextil.es\/en\/wp-json\/wp\/v2\/types\/product"}],"replies":[{"embeddable":true,"href":"https:\/\/grupotextil.es\/en\/wp-json\/wp\/v2\/comments?post=374280"}],"wp:featuredmedia":[{"embeddable":true,"href":"https:\/\/grupotextil.es\/en\/wp-json\/wp\/v2\/media\/414209"}],"wp:attachment":[{"href":"https:\/\/grupotextil.es\/en\/wp-json\/wp\/v2\/media?parent=374280"}],"wp:term":[{"taxonomy":"product_brand","embeddable":true,"href":"https:\/\/grupotextil.es\/en\/wp-json\/wp\/v2\/product_brand?post=374280"},{"taxonomy":"product_cat","embeddable":true,"href":"https:\/\/grupotextil.es\/en\/wp-json\/wp\/v2\/product_cat?post=374280"},{"taxonomy":"product_tag","embeddable":true,"href":"https:\/\/grupotextil.es\/en\/wp-json\/wp\/v2\/product_tag?post=374280"}],"curies":[{"name":"wp","href":"https:\/\/api.w.org\/{rel}","templated":true}]}}