{"id":374581,"date":"2026-03-08T03:10:11","date_gmt":"2026-03-08T02:10:11","guid":{"rendered":"https:\/\/grupotextil.es\/producto\/sudadera-con-capucha-hombre\/"},"modified":"2026-03-08T03:10:11","modified_gmt":"2026-03-08T02:10:11","slug":"sudadera-con-capucha-hombre","status":"publish","type":"product","link":"https:\/\/grupotextil.es\/en\/product\/sudadera-con-capucha-hombre\/","title":{"rendered":"Sudadera con capucha hombre"},"content":{"rendered":"<ul>\n<li>280 g\/m\u00b2<\/li>\n<li>80% algod\u00f3n ring-spun, 20% poli\u00e9ster<\/li>\n<li>Grey Heather: 70 % algod\u00f3n, 30% poli\u00e9ster<\/li>\n<li>Interior perchado<\/li>\n<li>Doble capa en capucha. Cord\u00f3n ancho con detalles de metal (libre de n\u00edquel)<\/li>\n<li>Cuello encintado<\/li>\n<li>Bolsillo canguro<\/li>\n<li>Pu\u00f1os en canal\u00e9 y cintura de elast\u00e1n<\/li>\n<li>Costuras planas<\/li>\n<li>Costuras laterales<\/li>\n<li>Corte normal<\/li>\n<li>COLORES DESCATALOGADOS: Crimson Red y Pink &amp; Blue se est\u00e1n retirando de la colecci\u00f3n F&amp;R, pero el fabricante no. El fabricante descataloga otros colores<\/li>\n<\/ul>","protected":false},"excerpt":{"rendered":"<p>280 g\/m\u00b280% algod\u00f3n ring-spun, 20% poli\u00e9sterGrey Heather: 70 % algod\u00f3n, 30% poli\u00e9sterInterior perchadoDoble capa en capucha. Cord\u00f3n ancho con detalles de metal (libre de n\u00edquel)Cuello encintadoBols&#8230;<\/p>","protected":false},"featured_media":414324,"comment_status":"open","ping_status":"closed","template":"","meta":{"_acf_changed":false},"product_brand":[11658],"product_cat":[13973],"product_tag":[],"class_list":{"0":"post-374581","1":"product","2":"type-product","3":"status-publish","4":"has-post-thumbnail","6":"product_brand-stedman","7":"product_cat-ropa","8":"tm-no-options","10":"first","11":"instock","12":"taxable","13":"shipping-taxable","14":"product-type-variable"},"acf":[],"_links":{"self":[{"href":"https:\/\/grupotextil.es\/en\/wp-json\/wp\/v2\/product\/374581","targetHints":{"allow":["GET"]}}],"collection":[{"href":"https:\/\/grupotextil.es\/en\/wp-json\/wp\/v2\/product"}],"about":[{"href":"https:\/\/grupotextil.es\/en\/wp-json\/wp\/v2\/types\/product"}],"replies":[{"embeddable":true,"href":"https:\/\/grupotextil.es\/en\/wp-json\/wp\/v2\/comments?post=374581"}],"wp:featuredmedia":[{"embeddable":true,"href":"https:\/\/grupotextil.es\/en\/wp-json\/wp\/v2\/media\/414324"}],"wp:attachment":[{"href":"https:\/\/grupotextil.es\/en\/wp-json\/wp\/v2\/media?parent=374581"}],"wp:term":[{"taxonomy":"product_brand","embeddable":true,"href":"https:\/\/grupotextil.es\/en\/wp-json\/wp\/v2\/product_brand?post=374581"},{"taxonomy":"product_cat","embeddable":true,"href":"https:\/\/grupotextil.es\/en\/wp-json\/wp\/v2\/product_cat?post=374581"},{"taxonomy":"product_tag","embeddable":true,"href":"https:\/\/grupotextil.es\/en\/wp-json\/wp\/v2\/product_tag?post=374581"}],"curies":[{"name":"wp","href":"https:\/\/api.w.org\/{rel}","templated":true}]}}