{"id":374603,"date":"2026-03-08T03:10:12","date_gmt":"2026-03-08T02:10:12","guid":{"rendered":"https:\/\/grupotextil.es\/producto\/sudadera-authentic-con-capucha-y-cremallera-hombre\/"},"modified":"2026-03-08T03:10:12","modified_gmt":"2026-03-08T02:10:12","slug":"sudadera-authentic-con-capucha-y-cremallera-hombre","status":"publish","type":"product","link":"https:\/\/grupotextil.es\/en\/product\/sudadera-authentic-con-capucha-y-cremallera-hombre\/","title":{"rendered":"Sudadera Authentic con capucha y cremallera hombre"},"content":{"rendered":"<ul>\n<li>280 g\/m\u00b2<\/li>\n<li>80% algod\u00f3n ring-spun y peinado, 20% poli\u00e9ster (tejido de 3 capas)<\/li>\n<li>Capucha de doble capa con cord\u00f3n de ajuste<\/li>\n<li>Cordones gruesos planos con ojales<\/li>\n<li>Dise\u00f1o pu\u00f1os y bajo m\u00e1s amplio<\/li>\n<li>Hombros y brazos finos, costura del hombro desplazada frontalmente<\/li>\n<li>Cuello encintado en espiguilla<\/li>\n<li>Cremallera entera YKK met\u00e1lica (Antique Silver)<\/li>\n<li>Cremallera oculta<\/li>\n<li>Bolsillo canguro<\/li>\n<li>Acceso para MP3<\/li>\n<li>Sisas, pu\u00f1os y bajo con tapacostura<\/li>\n<li>Corte recto moderno<\/li>\n<\/ul>","protected":false},"excerpt":{"rendered":"<p>280 g\/m\u00b280% algod\u00f3n ring-spun y peinado, 20% poli\u00e9ster (tejido de 3 capas)Capucha de doble capa con cord\u00f3n de ajusteCordones gruesos planos con ojalesDise\u00f1o pu\u00f1os y bajo m\u00e1s amplioHombros y brazos fin<\/p>","protected":false},"featured_media":414328,"comment_status":"open","ping_status":"closed","template":"","meta":{"_acf_changed":false},"product_brand":[11670],"product_cat":[13973],"product_tag":[14009],"class_list":{"0":"post-374603","1":"product","2":"type-product","3":"status-publish","4":"has-post-thumbnail","6":"product_brand-russell-europe","7":"product_cat-ropa","8":"product_tag-top-ventas","9":"tm-no-options","11":"first","12":"instock","13":"taxable","14":"shipping-taxable","15":"product-type-variable"},"acf":[],"_links":{"self":[{"href":"https:\/\/grupotextil.es\/en\/wp-json\/wp\/v2\/product\/374603","targetHints":{"allow":["GET"]}}],"collection":[{"href":"https:\/\/grupotextil.es\/en\/wp-json\/wp\/v2\/product"}],"about":[{"href":"https:\/\/grupotextil.es\/en\/wp-json\/wp\/v2\/types\/product"}],"replies":[{"embeddable":true,"href":"https:\/\/grupotextil.es\/en\/wp-json\/wp\/v2\/comments?post=374603"}],"wp:featuredmedia":[{"embeddable":true,"href":"https:\/\/grupotextil.es\/en\/wp-json\/wp\/v2\/media\/414328"}],"wp:attachment":[{"href":"https:\/\/grupotextil.es\/en\/wp-json\/wp\/v2\/media?parent=374603"}],"wp:term":[{"taxonomy":"product_brand","embeddable":true,"href":"https:\/\/grupotextil.es\/en\/wp-json\/wp\/v2\/product_brand?post=374603"},{"taxonomy":"product_cat","embeddable":true,"href":"https:\/\/grupotextil.es\/en\/wp-json\/wp\/v2\/product_cat?post=374603"},{"taxonomy":"product_tag","embeddable":true,"href":"https:\/\/grupotextil.es\/en\/wp-json\/wp\/v2\/product_tag?post=374603"}],"curies":[{"name":"wp","href":"https:\/\/api.w.org\/{rel}","templated":true}]}}