{"id":374809,"date":"2026-03-08T03:10:34","date_gmt":"2026-03-08T02:10:34","guid":{"rendered":"https:\/\/grupotextil.es\/producto\/sudadera-con-capucha-unisex\/"},"modified":"2026-03-08T03:10:34","modified_gmt":"2026-03-08T02:10:34","slug":"sudadera-con-capucha-unisex","status":"publish","type":"product","link":"https:\/\/grupotextil.es\/en\/product\/sudadera-con-capucha-unisex\/","title":{"rendered":"Sudadera con capucha unisex"},"content":{"rendered":"<ul>\n<li>295 g\/m\u00b2<\/li>\n<li>50% algod\u00f3n ring-spun peinado, 50% poli\u00e9ster<\/li>\n<li>Light Oxford: 53% poli\u00e9ster, 47% algod\u00f3n<\/li>\n<li>Capucha de doble capa con cord\u00f3n plano<\/li>\n<li>Cordones gruesos planos con ojales<\/li>\n<li>Bolsillo con remate<\/li>\n<li>Corte moderno<\/li>\n<li>Cuello encintado en espiguilla<\/li>\n<li>Nueva construcci\u00f3n de hombro y dobladillo<\/li>\n<\/ul>","protected":false},"excerpt":{"rendered":"<p>295 g\/m\u00b250% algod\u00f3n ring-spun peinado, 50% poli\u00e9sterLight Oxford: 53% poli\u00e9ster, 47% algod\u00f3nCapucha de doble capa con cord\u00f3n planoCordones gruesos planos con ojalesBolsillo con remateCorte modernoCuel<\/p>","protected":false},"featured_media":414386,"comment_status":"open","ping_status":"closed","template":"","meta":{"_acf_changed":false},"product_brand":[11670],"product_cat":[13976,13973,13997],"product_tag":[],"class_list":{"0":"post-374809","1":"product","2":"type-product","3":"status-publish","4":"has-post-thumbnail","6":"product_brand-russell-europe","7":"product_cat-ropa-nino","8":"product_cat-ropa","9":"product_cat-n-sudaderas","10":"tm-no-options","12":"first","13":"instock","14":"taxable","15":"shipping-taxable","16":"product-type-variable"},"acf":[],"_links":{"self":[{"href":"https:\/\/grupotextil.es\/en\/wp-json\/wp\/v2\/product\/374809","targetHints":{"allow":["GET"]}}],"collection":[{"href":"https:\/\/grupotextil.es\/en\/wp-json\/wp\/v2\/product"}],"about":[{"href":"https:\/\/grupotextil.es\/en\/wp-json\/wp\/v2\/types\/product"}],"replies":[{"embeddable":true,"href":"https:\/\/grupotextil.es\/en\/wp-json\/wp\/v2\/comments?post=374809"}],"wp:featuredmedia":[{"embeddable":true,"href":"https:\/\/grupotextil.es\/en\/wp-json\/wp\/v2\/media\/414386"}],"wp:attachment":[{"href":"https:\/\/grupotextil.es\/en\/wp-json\/wp\/v2\/media?parent=374809"}],"wp:term":[{"taxonomy":"product_brand","embeddable":true,"href":"https:\/\/grupotextil.es\/en\/wp-json\/wp\/v2\/product_brand?post=374809"},{"taxonomy":"product_cat","embeddable":true,"href":"https:\/\/grupotextil.es\/en\/wp-json\/wp\/v2\/product_cat?post=374809"},{"taxonomy":"product_tag","embeddable":true,"href":"https:\/\/grupotextil.es\/en\/wp-json\/wp\/v2\/product_tag?post=374809"}],"curies":[{"name":"wp","href":"https:\/\/api.w.org\/{rel}","templated":true}]}}