{"id":375036,"date":"2026-03-08T03:10:47","date_gmt":"2026-03-08T02:10:47","guid":{"rendered":"https:\/\/grupotextil.es\/producto\/sudadera-unisex-polialgodon-con-capucha\/"},"modified":"2026-03-08T03:10:47","modified_gmt":"2026-03-08T02:10:47","slug":"sudadera-unisex-polialgodon-con-capucha","status":"publish","type":"product","link":"https:\/\/grupotextil.es\/en\/product\/sudadera-unisex-polialgodon-con-capucha\/","title":{"rendered":"Sudadera unisex polialgod\u00f3n con capucha"},"content":{"rendered":"<ul>\n<li>220 g\/m\u00b2<\/li>\n<li>52 % algod\u00f3n ring-spun peinado, 48% poli\u00e9ster polar<\/li>\n<li>Colortes heatherr: 60% algod\u00f3n ring-spun peinado, 40% poli\u00e9ster<\/li>\n<li>Colores DTG: 70% algod\u00f3n, 30% poli\u00e9ster<\/li>\n<li>Cord\u00f3n blanco<\/li>\n<li>Bolsillo canguro<\/li>\n<li>Pu\u00f1os y bajo en canal\u00e9<\/li>\n<li>Corte ajustado<\/li>\n<\/ul>","protected":false},"excerpt":{"rendered":"<p>220 g\/m\u00b252 % algod\u00f3n ring-spun peinado, 48% poli\u00e9ster polarColortes heatherr: 60% algod\u00f3n ring-spun peinado, 40% poli\u00e9sterColores DTG: 70% algod\u00f3n, 30% poli\u00e9sterCord\u00f3n blancoBolsillo canguroPu\u00f1os y ba<\/p>","protected":false},"featured_media":414436,"comment_status":"open","ping_status":"closed","template":"","meta":{"_acf_changed":false},"product_brand":[11667],"product_cat":[13976,13973,13997],"product_tag":[],"class_list":{"0":"post-375036","1":"product","2":"type-product","3":"status-publish","4":"has-post-thumbnail","6":"product_brand-bella","7":"product_cat-ropa-nino","8":"product_cat-ropa","9":"product_cat-n-sudaderas","10":"tm-no-options","12":"first","13":"instock","14":"taxable","15":"shipping-taxable","16":"product-type-variable"},"acf":[],"_links":{"self":[{"href":"https:\/\/grupotextil.es\/en\/wp-json\/wp\/v2\/product\/375036","targetHints":{"allow":["GET"]}}],"collection":[{"href":"https:\/\/grupotextil.es\/en\/wp-json\/wp\/v2\/product"}],"about":[{"href":"https:\/\/grupotextil.es\/en\/wp-json\/wp\/v2\/types\/product"}],"replies":[{"embeddable":true,"href":"https:\/\/grupotextil.es\/en\/wp-json\/wp\/v2\/comments?post=375036"}],"wp:featuredmedia":[{"embeddable":true,"href":"https:\/\/grupotextil.es\/en\/wp-json\/wp\/v2\/media\/414436"}],"wp:attachment":[{"href":"https:\/\/grupotextil.es\/en\/wp-json\/wp\/v2\/media?parent=375036"}],"wp:term":[{"taxonomy":"product_brand","embeddable":true,"href":"https:\/\/grupotextil.es\/en\/wp-json\/wp\/v2\/product_brand?post=375036"},{"taxonomy":"product_cat","embeddable":true,"href":"https:\/\/grupotextil.es\/en\/wp-json\/wp\/v2\/product_cat?post=375036"},{"taxonomy":"product_tag","embeddable":true,"href":"https:\/\/grupotextil.es\/en\/wp-json\/wp\/v2\/product_tag?post=375036"}],"curies":[{"name":"wp","href":"https:\/\/api.w.org\/{rel}","templated":true}]}}