{"id":375127,"date":"2026-03-08T03:11:25","date_gmt":"2026-03-08T02:11:25","guid":{"rendered":"https:\/\/grupotextil.es\/producto\/sudadera-con-capucha-hooded\/"},"modified":"2026-03-08T03:11:25","modified_gmt":"2026-03-08T02:11:25","slug":"sudadera-con-capucha-hooded","status":"publish","type":"product","link":"https:\/\/grupotextil.es\/en\/product\/sudadera-con-capucha-hooded\/","title":{"rendered":"Sudadera con capucha con capucha"},"content":{"rendered":"<ul>\n<li>280 g\/m\u00b2<\/li>\n<li>80% Algod\u00f3n, ring-spun y peinado, 20% Poli\u00e9ster<\/li>\n<li>Capucha doble con cord\u00f3n<\/li>\n<li>Costura doble en hombros<\/li>\n<li>Mangas montadas<\/li>\n<li>Pu\u00f1os y dobladillo en canal\u00e9 con elast\u00e1n<\/li>\n<li>Bolsillo canguro sobrepuesto<\/li>\n<li>Costuras laterales<\/li>\n<li>Corte moderno ajustado<\/li>\n<li>Sudadera de gran calidad.<\/li>\n<li>Sin etiqueta para un rebranding sencillo<\/li>\n<\/ul>","protected":false},"excerpt":{"rendered":"<p>280 g\/m\u00b280% Algod\u00f3n, ring-spun y peinado, 20% Poli\u00e9sterCapucha doble con cord\u00f3nCostura doble en hombrosMangas montadasPu\u00f1os y dobladillo en canal\u00e9 con elast\u00e1nBolsillo canguro sobrepuestoCosturas la&#8230;<\/p>","protected":false},"featured_media":414445,"comment_status":"open","ping_status":"closed","template":"","meta":{"_acf_changed":false},"product_brand":[11653],"product_cat":[13976,13973,13997],"product_tag":[],"class_list":{"0":"post-375127","1":"product","2":"type-product","3":"status-publish","4":"has-post-thumbnail","6":"product_brand-b-c","7":"product_cat-ropa-nino","8":"product_cat-ropa","9":"product_cat-n-sudaderas","10":"tm-no-options","12":"first","13":"instock","14":"taxable","15":"shipping-taxable","16":"product-type-variable"},"acf":[],"_links":{"self":[{"href":"https:\/\/grupotextil.es\/en\/wp-json\/wp\/v2\/product\/375127","targetHints":{"allow":["GET"]}}],"collection":[{"href":"https:\/\/grupotextil.es\/en\/wp-json\/wp\/v2\/product"}],"about":[{"href":"https:\/\/grupotextil.es\/en\/wp-json\/wp\/v2\/types\/product"}],"replies":[{"embeddable":true,"href":"https:\/\/grupotextil.es\/en\/wp-json\/wp\/v2\/comments?post=375127"}],"wp:featuredmedia":[{"embeddable":true,"href":"https:\/\/grupotextil.es\/en\/wp-json\/wp\/v2\/media\/414445"}],"wp:attachment":[{"href":"https:\/\/grupotextil.es\/en\/wp-json\/wp\/v2\/media?parent=375127"}],"wp:term":[{"taxonomy":"product_brand","embeddable":true,"href":"https:\/\/grupotextil.es\/en\/wp-json\/wp\/v2\/product_brand?post=375127"},{"taxonomy":"product_cat","embeddable":true,"href":"https:\/\/grupotextil.es\/en\/wp-json\/wp\/v2\/product_cat?post=375127"},{"taxonomy":"product_tag","embeddable":true,"href":"https:\/\/grupotextil.es\/en\/wp-json\/wp\/v2\/product_tag?post=375127"}],"curies":[{"name":"wp","href":"https:\/\/api.w.org\/{rel}","templated":true}]}}