{"id":375318,"date":"2026-03-08T03:11:31","date_gmt":"2026-03-08T02:11:31","guid":{"rendered":"https:\/\/grupotextil.es\/producto\/sudadera-con-capucha-hombre-2\/"},"modified":"2026-03-08T03:11:31","modified_gmt":"2026-03-08T02:11:31","slug":"sudadera-con-capucha-hombre-2","status":"publish","type":"product","link":"https:\/\/grupotextil.es\/en\/product\/sudadera-con-capucha-hombre-2\/","title":{"rendered":"Sudadera con capucha hombre"},"content":{"rendered":"<ul>\n<li>310 g\/m\u00b2<\/li>\n<li>70% algod\u00f3n ring-spun, 30% poli\u00e9ster<\/li>\n<li>Algod\u00f3n egipcio de fibra larga<\/li>\n<li>Tejido de 3 hebras para una superf\u00edcie m\u00e1s tersa<\/li>\n<li>Doblemente te\u00f1ido para conseguir unos colores m\u00e1s brillantes<\/li>\n<li>Interior perchado<\/li>\n<li>Lycra en todos los ribetes para una mayor estabilidad<\/li>\n<li>Doble puntada<\/li>\n<\/ul>","protected":false},"excerpt":{"rendered":"<p>310 g\/m\u00b270% algod\u00f3n ring-spun, 30% poli\u00e9sterAlgod\u00f3n egipcio de fibra largaTejido de 3 hebras para una superf\u00edcie m\u00e1s tersaDoblemente te\u00f1ido para conseguir unos colores m\u00e1s brillantesInterior perchadoL<\/p>","protected":false},"featured_media":414462,"comment_status":"open","ping_status":"closed","template":"","meta":{"_acf_changed":false},"product_brand":[11671],"product_cat":[13976,13973,13997],"product_tag":[14010,14009],"class_list":{"0":"post-375318","1":"product","2":"type-product","3":"status-publish","4":"has-post-thumbnail","6":"product_brand-tee-jays","7":"product_cat-ropa-nino","8":"product_cat-ropa","9":"product_cat-n-sudaderas","10":"product_tag-nuevo-2026","11":"product_tag-top-ventas","12":"tm-no-options","14":"first","15":"instock","16":"taxable","17":"shipping-taxable","18":"product-type-variable"},"acf":[],"_links":{"self":[{"href":"https:\/\/grupotextil.es\/en\/wp-json\/wp\/v2\/product\/375318","targetHints":{"allow":["GET"]}}],"collection":[{"href":"https:\/\/grupotextil.es\/en\/wp-json\/wp\/v2\/product"}],"about":[{"href":"https:\/\/grupotextil.es\/en\/wp-json\/wp\/v2\/types\/product"}],"replies":[{"embeddable":true,"href":"https:\/\/grupotextil.es\/en\/wp-json\/wp\/v2\/comments?post=375318"}],"wp:featuredmedia":[{"embeddable":true,"href":"https:\/\/grupotextil.es\/en\/wp-json\/wp\/v2\/media\/414462"}],"wp:attachment":[{"href":"https:\/\/grupotextil.es\/en\/wp-json\/wp\/v2\/media?parent=375318"}],"wp:term":[{"taxonomy":"product_brand","embeddable":true,"href":"https:\/\/grupotextil.es\/en\/wp-json\/wp\/v2\/product_brand?post=375318"},{"taxonomy":"product_cat","embeddable":true,"href":"https:\/\/grupotextil.es\/en\/wp-json\/wp\/v2\/product_cat?post=375318"},{"taxonomy":"product_tag","embeddable":true,"href":"https:\/\/grupotextil.es\/en\/wp-json\/wp\/v2\/product_tag?post=375318"}],"curies":[{"name":"wp","href":"https:\/\/api.w.org\/{rel}","templated":true}]}}