{"id":375542,"date":"2026-03-08T03:12:10","date_gmt":"2026-03-08T02:12:10","guid":{"rendered":"https:\/\/grupotextil.es\/producto\/sudadera-con-capucha-heavy-blend-nino\/"},"modified":"2026-03-08T03:12:10","modified_gmt":"2026-03-08T02:12:10","slug":"sudadera-con-capucha-heavy-blend-nino","status":"publish","type":"product","link":"https:\/\/grupotextil.es\/en\/product\/sudadera-con-capucha-heavy-blend-nino\/","title":{"rendered":"Sudadera con capucha Heavy Blend ni\u00f1o"},"content":{"rendered":"<ul>\n<li>280 g\/m\u00b2 (White: 265 g\/m\u00b2)<\/li>\n<li>50% algod\u00f3n, 50% poli\u00e9ster<\/li>\n<li>Heather Sport colores: 60% poli\u00e9ster, 40% algod\u00f3n<\/li>\n<li>Capucha con doble forro<\/li>\n<li>Mangas montadas<\/li>\n<li>Pu\u00f1os y dobladillo inferior en canal\u00e9<\/li>\n<li>Bolsillo canguro<\/li>\n<li>Etiqueta extra\u00edble<\/li>\n<li>Construcci\u00f3n tubular<\/li>\n<li>Ajuste cl\u00e1sico<\/li>\n<\/ul>","protected":false},"excerpt":{"rendered":"<p>280 g\/m\u00b2 (White: 265 g\/m\u00b2)50% algod\u00f3n, 50% poli\u00e9sterHeather Sport colores: 60% poli\u00e9ster, 40% algod\u00f3nCapucha con doble forroMangas montadasPu\u00f1os y dobladillo inferior en canal\u00e9Bolsillo canguroEtiqueta<\/p>","protected":false},"featured_media":414536,"comment_status":"open","ping_status":"closed","template":"","meta":{"_acf_changed":false},"product_brand":[11666],"product_cat":[13976,13973,13997],"product_tag":[14009],"class_list":{"0":"post-375542","1":"product","2":"type-product","3":"status-publish","4":"has-post-thumbnail","6":"product_brand-gildan","7":"product_cat-ropa-nino","8":"product_cat-ropa","9":"product_cat-n-sudaderas","10":"product_tag-top-ventas","11":"tm-no-options","13":"first","14":"instock","15":"taxable","16":"shipping-taxable","17":"product-type-variable"},"acf":[],"_links":{"self":[{"href":"https:\/\/grupotextil.es\/en\/wp-json\/wp\/v2\/product\/375542","targetHints":{"allow":["GET"]}}],"collection":[{"href":"https:\/\/grupotextil.es\/en\/wp-json\/wp\/v2\/product"}],"about":[{"href":"https:\/\/grupotextil.es\/en\/wp-json\/wp\/v2\/types\/product"}],"replies":[{"embeddable":true,"href":"https:\/\/grupotextil.es\/en\/wp-json\/wp\/v2\/comments?post=375542"}],"wp:featuredmedia":[{"embeddable":true,"href":"https:\/\/grupotextil.es\/en\/wp-json\/wp\/v2\/media\/414536"}],"wp:attachment":[{"href":"https:\/\/grupotextil.es\/en\/wp-json\/wp\/v2\/media?parent=375542"}],"wp:term":[{"taxonomy":"product_brand","embeddable":true,"href":"https:\/\/grupotextil.es\/en\/wp-json\/wp\/v2\/product_brand?post=375542"},{"taxonomy":"product_cat","embeddable":true,"href":"https:\/\/grupotextil.es\/en\/wp-json\/wp\/v2\/product_cat?post=375542"},{"taxonomy":"product_tag","embeddable":true,"href":"https:\/\/grupotextil.es\/en\/wp-json\/wp\/v2\/product_tag?post=375542"}],"curies":[{"name":"wp","href":"https:\/\/api.w.org\/{rel}","templated":true}]}}