{"id":375715,"date":"2026-03-08T03:12:38","date_gmt":"2026-03-08T02:12:38","guid":{"rendered":"https:\/\/grupotextil.es\/producto\/sudadera-capucha-nino-3\/"},"modified":"2026-03-08T03:12:38","modified_gmt":"2026-03-08T02:12:38","slug":"sudadera-capucha-nino-3","status":"publish","type":"product","link":"https:\/\/grupotextil.es\/en\/product\/sudadera-capucha-nino-3\/","title":{"rendered":"Sweatshirt capucha Kids"},"content":{"rendered":"<ul>\n<li>300 g\/m\u00b2<\/li>\n<li>80% algod\u00f3n, 20% poli\u00e9ster<\/li>\n<li>Sport Grey: 70% cotton, 30% polyester<\/li>\n<li>Estilo unisex para ni\u00f1os<\/li>\n<li>No desti\u00f1e<\/li>\n<li>Capucha doble del mismo tejido (sin cord\u00f3n)<\/li>\n<li>Mangas montadas<\/li>\n<li>Bolsillo canguro frontal<\/li>\n<li>Puntos de doble aguja<\/li>\n<li>Pu\u00f1os y bajo de canal\u00e9 de elastano<\/li>\n<\/ul>","protected":false},"excerpt":{"rendered":"<p>300 g\/m\u00b280% algod\u00f3n, 20% poli\u00e9sterSport Grey: 70% cotton, 30% polyesterEstilo unisex para ni\u00f1osNo desti\u00f1eCapucha doble del mismo tejido (sin cord\u00f3n)Mangas montadasBolsillo canguro frontalPuntos de dob<\/p>","protected":false},"featured_media":414553,"comment_status":"open","ping_status":"closed","template":"","meta":{"_acf_changed":false},"product_brand":[11677],"product_cat":[13976,13973,13997],"product_tag":[],"class_list":{"0":"post-375715","1":"product","2":"type-product","3":"status-publish","4":"has-post-thumbnail","6":"product_brand-fdm","7":"product_cat-ropa-nino","8":"product_cat-ropa","9":"product_cat-n-sudaderas","10":"tm-no-options","12":"first","13":"instock","14":"taxable","15":"shipping-taxable","16":"product-type-variable"},"acf":[],"_links":{"self":[{"href":"https:\/\/grupotextil.es\/en\/wp-json\/wp\/v2\/product\/375715","targetHints":{"allow":["GET"]}}],"collection":[{"href":"https:\/\/grupotextil.es\/en\/wp-json\/wp\/v2\/product"}],"about":[{"href":"https:\/\/grupotextil.es\/en\/wp-json\/wp\/v2\/types\/product"}],"replies":[{"embeddable":true,"href":"https:\/\/grupotextil.es\/en\/wp-json\/wp\/v2\/comments?post=375715"}],"wp:featuredmedia":[{"embeddable":true,"href":"https:\/\/grupotextil.es\/en\/wp-json\/wp\/v2\/media\/414553"}],"wp:attachment":[{"href":"https:\/\/grupotextil.es\/en\/wp-json\/wp\/v2\/media?parent=375715"}],"wp:term":[{"taxonomy":"product_brand","embeddable":true,"href":"https:\/\/grupotextil.es\/en\/wp-json\/wp\/v2\/product_brand?post=375715"},{"taxonomy":"product_cat","embeddable":true,"href":"https:\/\/grupotextil.es\/en\/wp-json\/wp\/v2\/product_cat?post=375715"},{"taxonomy":"product_tag","embeddable":true,"href":"https:\/\/grupotextil.es\/en\/wp-json\/wp\/v2\/product_tag?post=375715"}],"curies":[{"name":"wp","href":"https:\/\/api.w.org\/{rel}","templated":true}]}}