{"id":375868,"date":"2026-03-08T03:13:02","date_gmt":"2026-03-08T02:13:02","guid":{"rendered":"https:\/\/grupotextil.es\/producto\/sudadera-capucha-en-contraste\/"},"modified":"2026-03-08T03:13:02","modified_gmt":"2026-03-08T02:13:02","slug":"sudadera-capucha-en-contraste","status":"publish","type":"product","link":"https:\/\/grupotextil.es\/en\/product\/sudadera-capucha-en-contraste\/","title":{"rendered":"Sweatshirt capucha en contraste"},"content":{"rendered":"<ul>\n<li>280 g\/m\u00b2<\/li>\n<li>80% algod\u00f3n ring-spun peinado, 20% poli\u00e9ster polar (Light Oxford: 70% algod\u00f3n, 30% poli\u00e9ster)<\/li>\n<li>Interior capucha contrastada con forro de malla<\/li>\n<li>Cuello encintado en espiguilla en contraste (del mismo color del forro)<\/li>\n<li>Presillas para auriculares en espiguilla en contraste (del mismo color del forro)<\/li>\n<li>Overlock de 5 agujas para un look moderno<\/li>\n<li>Cord\u00f3n del mismo color del forro<\/li>\n<li>Bolsillo para MP3 dentro del bolsillo canguro<\/li>\n<li>Agujero para el pulgar<\/li>\n<\/ul>","protected":false},"excerpt":{"rendered":"<p>280 g\/m\u00b280% algod\u00f3n ring-spun peinado, 20% poli\u00e9ster polar (Light Oxford: 70% algod\u00f3n, 30% poli\u00e9ster)Interior capucha contrastada con forro de mallaCuello encintado en espiguilla en contraste (del mis<\/p>","protected":false},"featured_media":414614,"comment_status":"open","ping_status":"closed","template":"","meta":{"_acf_changed":false},"product_brand":[11676],"product_cat":[13974,13975,13976,13973,13997],"product_tag":[],"class_list":{"0":"post-375868","1":"product","2":"type-product","3":"status-publish","4":"has-post-thumbnail","6":"product_brand-sg","7":"product_cat-ropa-hombre","8":"product_cat-ropa-mujer","9":"product_cat-ropa-nino","10":"product_cat-ropa","11":"product_cat-n-sudaderas","12":"tm-no-options","14":"first","15":"instock","16":"taxable","17":"shipping-taxable","18":"product-type-variable"},"acf":[],"_links":{"self":[{"href":"https:\/\/grupotextil.es\/en\/wp-json\/wp\/v2\/product\/375868","targetHints":{"allow":["GET"]}}],"collection":[{"href":"https:\/\/grupotextil.es\/en\/wp-json\/wp\/v2\/product"}],"about":[{"href":"https:\/\/grupotextil.es\/en\/wp-json\/wp\/v2\/types\/product"}],"replies":[{"embeddable":true,"href":"https:\/\/grupotextil.es\/en\/wp-json\/wp\/v2\/comments?post=375868"}],"wp:featuredmedia":[{"embeddable":true,"href":"https:\/\/grupotextil.es\/en\/wp-json\/wp\/v2\/media\/414614"}],"wp:attachment":[{"href":"https:\/\/grupotextil.es\/en\/wp-json\/wp\/v2\/media?parent=375868"}],"wp:term":[{"taxonomy":"product_brand","embeddable":true,"href":"https:\/\/grupotextil.es\/en\/wp-json\/wp\/v2\/product_brand?post=375868"},{"taxonomy":"product_cat","embeddable":true,"href":"https:\/\/grupotextil.es\/en\/wp-json\/wp\/v2\/product_cat?post=375868"},{"taxonomy":"product_tag","embeddable":true,"href":"https:\/\/grupotextil.es\/en\/wp-json\/wp\/v2\/product_tag?post=375868"}],"curies":[{"name":"wp","href":"https:\/\/api.w.org\/{rel}","templated":true}]}}