{"id":375943,"date":"2026-03-08T03:13:09","date_gmt":"2026-03-08T02:13:09","guid":{"rendered":"https:\/\/grupotextil.es\/producto\/sweat-jacket-select-women\/"},"modified":"2026-03-08T03:13:09","modified_gmt":"2026-03-08T02:13:09","slug":"sweat-jacket-select-women","status":"publish","type":"product","link":"https:\/\/grupotextil.es\/en\/product\/sweat-jacket-select-women\/","title":{"rendered":"Sweat Chaqueta Select mujer"},"content":{"rendered":"<ul>\n<li>270 g\/m\u00b2<\/li>\n<li>80% algod\u00f3n ring-spun, 20% poli\u00e9ster<\/li>\n<li>Doble tejido en capucha. Cord\u00f3n ancho con detalles de metal (libre de n\u00edquel )<\/li>\n<li>Interior perchado<\/li>\n<li>Cuello encintado<\/li>\n<li>Cremallera entera con tirador de metal (libre de n\u00edquel)<\/li>\n<li>Bolsillos canguro<\/li>\n<li>Pu\u00f1os en canal\u00e9 y dobladillo inferior de elast\u00e1n<\/li>\n<li>Costuras planas<\/li>\n<li>Costuras laterales<\/li>\n<li>Corte normal<\/li>\n<\/ul>","protected":false},"excerpt":{"rendered":"<p>270 g\/m\u00b280% algod\u00f3n ring-spun, 20% poli\u00e9sterDoble tejido en capucha.<\/p>","protected":false},"featured_media":414645,"comment_status":"open","ping_status":"closed","template":"","meta":{"_acf_changed":false},"product_brand":[11658],"product_cat":[13974,13975,13976,13973,13997],"product_tag":[],"class_list":{"0":"post-375943","1":"product","2":"type-product","3":"status-publish","4":"has-post-thumbnail","6":"product_brand-stedman","7":"product_cat-ropa-hombre","8":"product_cat-ropa-mujer","9":"product_cat-ropa-nino","10":"product_cat-ropa","11":"product_cat-n-sudaderas","12":"tm-no-options","14":"first","15":"instock","16":"taxable","17":"shipping-taxable","18":"product-type-variable"},"acf":[],"_links":{"self":[{"href":"https:\/\/grupotextil.es\/en\/wp-json\/wp\/v2\/product\/375943","targetHints":{"allow":["GET"]}}],"collection":[{"href":"https:\/\/grupotextil.es\/en\/wp-json\/wp\/v2\/product"}],"about":[{"href":"https:\/\/grupotextil.es\/en\/wp-json\/wp\/v2\/types\/product"}],"replies":[{"embeddable":true,"href":"https:\/\/grupotextil.es\/en\/wp-json\/wp\/v2\/comments?post=375943"}],"wp:featuredmedia":[{"embeddable":true,"href":"https:\/\/grupotextil.es\/en\/wp-json\/wp\/v2\/media\/414645"}],"wp:attachment":[{"href":"https:\/\/grupotextil.es\/en\/wp-json\/wp\/v2\/media?parent=375943"}],"wp:term":[{"taxonomy":"product_brand","embeddable":true,"href":"https:\/\/grupotextil.es\/en\/wp-json\/wp\/v2\/product_brand?post=375943"},{"taxonomy":"product_cat","embeddable":true,"href":"https:\/\/grupotextil.es\/en\/wp-json\/wp\/v2\/product_cat?post=375943"},{"taxonomy":"product_tag","embeddable":true,"href":"https:\/\/grupotextil.es\/en\/wp-json\/wp\/v2\/product_tag?post=375943"}],"curies":[{"name":"wp","href":"https:\/\/api.w.org\/{rel}","templated":true}]}}