{"id":376122,"date":"2026-03-08T03:14:18","date_gmt":"2026-03-08T02:14:18","guid":{"rendered":"https:\/\/grupotextil.es\/producto\/sudadera-nino\/"},"modified":"2026-03-08T03:14:18","modified_gmt":"2026-03-08T02:14:18","slug":"sudadera-nino","status":"publish","type":"product","link":"https:\/\/grupotextil.es\/en\/product\/sudadera-nino\/","title":{"rendered":"Sweatshirt Kids"},"content":{"rendered":"<ul>\n<li>280 g\/m\u00b2<\/li>\n<li>80% algod\u00f3n ring-spun peinado, 20% poli\u00e9ster (Light Oxford: 70% algod\u00f3n, 30% poli\u00e9ster)<\/li>\n<li>Cuello, pu\u00f1os y bajo de canal\u00e9<\/li>\n<li>Manga montada<\/li>\n<li>Costuras laterales<\/li>\n<li>Reverso peinado<\/li>\n<\/ul>","protected":false},"excerpt":{"rendered":"<p>280 g\/m\u00b280% algod\u00f3n ring-spun peinado, 20% poli\u00e9ster (Light Oxford: 70% algod\u00f3n, 30% poli\u00e9ster)Cuello, pu\u00f1os y bajo de canal\u00e9Manga montadaCosturas lateralesReverso peinado<\/p>","protected":false},"featured_media":414759,"comment_status":"open","ping_status":"closed","template":"","meta":{"_acf_changed":false},"product_brand":[11676],"product_cat":[13974,13975,13976,13973,13997],"product_tag":[],"class_list":{"0":"post-376122","1":"product","2":"type-product","3":"status-publish","4":"has-post-thumbnail","6":"product_brand-sg","7":"product_cat-ropa-hombre","8":"product_cat-ropa-mujer","9":"product_cat-ropa-nino","10":"product_cat-ropa","11":"product_cat-n-sudaderas","12":"tm-no-options","14":"first","15":"instock","16":"taxable","17":"shipping-taxable","18":"product-type-variable"},"acf":[],"_links":{"self":[{"href":"https:\/\/grupotextil.es\/en\/wp-json\/wp\/v2\/product\/376122","targetHints":{"allow":["GET"]}}],"collection":[{"href":"https:\/\/grupotextil.es\/en\/wp-json\/wp\/v2\/product"}],"about":[{"href":"https:\/\/grupotextil.es\/en\/wp-json\/wp\/v2\/types\/product"}],"replies":[{"embeddable":true,"href":"https:\/\/grupotextil.es\/en\/wp-json\/wp\/v2\/comments?post=376122"}],"wp:featuredmedia":[{"embeddable":true,"href":"https:\/\/grupotextil.es\/en\/wp-json\/wp\/v2\/media\/414759"}],"wp:attachment":[{"href":"https:\/\/grupotextil.es\/en\/wp-json\/wp\/v2\/media?parent=376122"}],"wp:term":[{"taxonomy":"product_brand","embeddable":true,"href":"https:\/\/grupotextil.es\/en\/wp-json\/wp\/v2\/product_brand?post=376122"},{"taxonomy":"product_cat","embeddable":true,"href":"https:\/\/grupotextil.es\/en\/wp-json\/wp\/v2\/product_cat?post=376122"},{"taxonomy":"product_tag","embeddable":true,"href":"https:\/\/grupotextil.es\/en\/wp-json\/wp\/v2\/product_tag?post=376122"}],"curies":[{"name":"wp","href":"https:\/\/api.w.org\/{rel}","templated":true}]}}