{"id":376566,"date":"2026-03-08T03:15:16","date_gmt":"2026-03-08T02:15:16","guid":{"rendered":"https:\/\/grupotextil.es\/producto\/sudadera-capucha-tagless-unisex\/"},"modified":"2026-03-08T03:15:16","modified_gmt":"2026-03-08T02:15:16","slug":"sudadera-capucha-tagless-unisex","status":"publish","type":"product","link":"https:\/\/grupotextil.es\/en\/product\/sudadera-capucha-tagless-unisex\/","title":{"rendered":"Sudadera capucha sin etiqueta unisex"},"content":{"rendered":"<ul>\n<li>280 g\/m\u00b2<\/li>\n<li>50% algod\u00f3n, 50% poli\u00e9ster<\/li>\n<li>cinzento esportivo: 70% algod\u00f3n, 30% poli\u00e9ster; Ash: 80% algod\u00f3n, 20% poli\u00e9ster<\/li>\n<li>Estilo unisex<\/li>\n<li>No desti\u00f1e<\/li>\n<li>Capucha doble con forro del mismo tejido<\/li>\n<li>Cord\u00f3n ajustable del mismo color<\/li>\n<li>Sin etiqueta<\/li>\n<li>Mangas montadas<\/li>\n<li>Bolsillo canguro<\/li>\n<li>Puntos de doble aguja<\/li>\n<li>Pu\u00f1os y bajo en canal\u00e9 de elastano<\/li>\n<\/ul>","protected":false},"excerpt":{"rendered":"<p>280 g\/m\u00b250% algod\u00f3n, 50% poli\u00e9stercinzento esportivo: 70% algod\u00f3n, 30% poli\u00e9ster; Ash: 80% algod\u00f3n, 20% poli\u00e9sterEstilo unisexNo desti\u00f1eCapucha doble con forro del mismo tejidoCord\u00f3n ajustable del mis<\/p>","protected":false},"featured_media":414801,"comment_status":"open","ping_status":"closed","template":"","meta":{"_acf_changed":false},"product_brand":[11677],"product_cat":[13977,13986,13974,13975,13973],"product_tag":[],"class_list":{"0":"post-376566","1":"product","2":"type-product","3":"status-publish","4":"has-post-thumbnail","6":"product_brand-fdm","7":"product_cat-h-camisetas-manga-corta","8":"product_cat-m-camisetas-manga-corta","9":"product_cat-ropa-hombre","10":"product_cat-ropa-mujer","11":"product_cat-ropa","12":"tm-no-options","14":"first","15":"instock","16":"taxable","17":"shipping-taxable","18":"product-type-variable"},"acf":[],"_links":{"self":[{"href":"https:\/\/grupotextil.es\/en\/wp-json\/wp\/v2\/product\/376566","targetHints":{"allow":["GET"]}}],"collection":[{"href":"https:\/\/grupotextil.es\/en\/wp-json\/wp\/v2\/product"}],"about":[{"href":"https:\/\/grupotextil.es\/en\/wp-json\/wp\/v2\/types\/product"}],"replies":[{"embeddable":true,"href":"https:\/\/grupotextil.es\/en\/wp-json\/wp\/v2\/comments?post=376566"}],"wp:featuredmedia":[{"embeddable":true,"href":"https:\/\/grupotextil.es\/en\/wp-json\/wp\/v2\/media\/414801"}],"wp:attachment":[{"href":"https:\/\/grupotextil.es\/en\/wp-json\/wp\/v2\/media?parent=376566"}],"wp:term":[{"taxonomy":"product_brand","embeddable":true,"href":"https:\/\/grupotextil.es\/en\/wp-json\/wp\/v2\/product_brand?post=376566"},{"taxonomy":"product_cat","embeddable":true,"href":"https:\/\/grupotextil.es\/en\/wp-json\/wp\/v2\/product_cat?post=376566"},{"taxonomy":"product_tag","embeddable":true,"href":"https:\/\/grupotextil.es\/en\/wp-json\/wp\/v2\/product_tag?post=376566"}],"curies":[{"name":"wp","href":"https:\/\/api.w.org\/{rel}","templated":true}]}}