{"id":376588,"date":"2026-03-08T03:15:17","date_gmt":"2026-03-08T02:15:17","guid":{"rendered":"https:\/\/grupotextil.es\/producto\/sudadera-capucha-cremallera-entera-premium\/"},"modified":"2026-03-08T03:15:17","modified_gmt":"2026-03-08T02:15:17","slug":"sudadera-capucha-cremallera-entera-premium","status":"publish","type":"product","link":"https:\/\/grupotextil.es\/en\/product\/sudadera-capucha-cremallera-entera-premium\/","title":{"rendered":"Sweatshirt capucha Full Zip Premium"},"content":{"rendered":"<ul>\n<li>280 g\/m\u00b2<\/li>\n<li>70% algod\u00f3n ring-spun, 30% poli\u00e9ster<\/li>\n<li>Mangas largas montadas<\/li>\n<li>Cremallera entera oculta<\/li>\n<li>Doble capucha con encintado en cuello en punto simple<\/li>\n<li>Nuevo cord\u00f3n del mismo color<\/li>\n<li>Bolsillo parche<\/li>\n<li>Ribete en canal\u00e9 en pu\u00f1os y dobladillo<\/li>\n<li>Pu\u00f1os y bajo en canal\u00e9 de algod\u00f3n\/elast\u00e1n para mantener la forma<\/li>\n<li>Costuras laterales<\/li>\n<\/ul>","protected":false},"excerpt":{"rendered":"<p>280 g\/m\u00b270% algod\u00f3n ring-spun, 30% poli\u00e9sterMangas largas montadasCremallera entera ocultaDoble capucha con encintado en cuello en punto simpleNuevo cord\u00f3n del mismo colorBolsillo parcheRibete en cana<\/p>","protected":false},"featured_media":414803,"comment_status":"open","ping_status":"closed","template":"","meta":{"_acf_changed":false},"product_brand":[11665],"product_cat":[13977,13986,13974,13975,13973],"product_tag":[14009],"class_list":{"0":"post-376588","1":"product","2":"type-product","3":"status-publish","4":"has-post-thumbnail","6":"product_brand-fruit-of-the-loom","7":"product_cat-h-camisetas-manga-corta","8":"product_cat-m-camisetas-manga-corta","9":"product_cat-ropa-hombre","10":"product_cat-ropa-mujer","11":"product_cat-ropa","12":"product_tag-top-ventas","13":"tm-no-options","15":"first","16":"instock","17":"taxable","18":"shipping-taxable","19":"product-type-variable"},"acf":[],"_links":{"self":[{"href":"https:\/\/grupotextil.es\/en\/wp-json\/wp\/v2\/product\/376588","targetHints":{"allow":["GET"]}}],"collection":[{"href":"https:\/\/grupotextil.es\/en\/wp-json\/wp\/v2\/product"}],"about":[{"href":"https:\/\/grupotextil.es\/en\/wp-json\/wp\/v2\/types\/product"}],"replies":[{"embeddable":true,"href":"https:\/\/grupotextil.es\/en\/wp-json\/wp\/v2\/comments?post=376588"}],"wp:featuredmedia":[{"embeddable":true,"href":"https:\/\/grupotextil.es\/en\/wp-json\/wp\/v2\/media\/414803"}],"wp:attachment":[{"href":"https:\/\/grupotextil.es\/en\/wp-json\/wp\/v2\/media?parent=376588"}],"wp:term":[{"taxonomy":"product_brand","embeddable":true,"href":"https:\/\/grupotextil.es\/en\/wp-json\/wp\/v2\/product_brand?post=376588"},{"taxonomy":"product_cat","embeddable":true,"href":"https:\/\/grupotextil.es\/en\/wp-json\/wp\/v2\/product_cat?post=376588"},{"taxonomy":"product_tag","embeddable":true,"href":"https:\/\/grupotextil.es\/en\/wp-json\/wp\/v2\/product_tag?post=376588"}],"curies":[{"name":"wp","href":"https:\/\/api.w.org\/{rel}","templated":true}]}}