{"id":376643,"date":"2026-03-08T03:15:29","date_gmt":"2026-03-08T02:15:29","guid":{"rendered":"https:\/\/grupotextil.es\/producto\/sudadera-unisex-de-algodon-poliester-con-capucha\/"},"modified":"2026-03-08T03:15:29","modified_gmt":"2026-03-08T02:15:29","slug":"sudadera-unisex-de-algodon-poliester-con-capucha","status":"publish","type":"product","link":"https:\/\/grupotextil.es\/en\/product\/sudadera-unisex-de-algodon-poliester-con-capucha\/","title":{"rendered":"Sudadera unisex de algod\u00f3n-poli\u00e9ster con capucha"},"content":{"rendered":"<ul>\n<li>220 g\/m\u00b2<\/li>\n<li>60% algod\u00f3n ring-spun peinado, 40% poli\u00e9ster polar<\/li>\n<li>Colores Neon: 60% algod\u00f3n ring- spun peinado, 40% poli\u00e9ster<\/li>\n<li>Colores DTG v: 70% algod\u00f3n, ring spun peinado, 30% poli\u00e9ster<\/li>\n<li>Cremallera entera de color blanco<\/li>\n<li>Pu\u00f1os y bajo en canal\u00e9<\/li>\n<li>Bolsillo canguro<\/li>\n<li>Corte ajustado<\/li>\n<\/ul>","protected":false},"excerpt":{"rendered":"<p>220 g\/m\u00b260% algod\u00f3n ring-spun peinado, 40% poli\u00e9ster polarColores Neon: 60% algod\u00f3n ring- spun peinado, 40% poli\u00e9sterColores DTG v: 70% algod\u00f3n, ring spun peinado, 30% poli\u00e9sterCremallera entera de co<\/p>","protected":false},"featured_media":414827,"comment_status":"open","ping_status":"closed","template":"","meta":{"_acf_changed":false},"product_brand":[11667],"product_cat":[13977,13986,13974,13975,13973],"product_tag":[],"class_list":{"0":"post-376643","1":"product","2":"type-product","3":"status-publish","4":"has-post-thumbnail","6":"product_brand-bella","7":"product_cat-h-camisetas-manga-corta","8":"product_cat-m-camisetas-manga-corta","9":"product_cat-ropa-hombre","10":"product_cat-ropa-mujer","11":"product_cat-ropa","12":"tm-no-options","14":"first","15":"instock","16":"taxable","17":"shipping-taxable","18":"product-type-variable"},"acf":[],"_links":{"self":[{"href":"https:\/\/grupotextil.es\/en\/wp-json\/wp\/v2\/product\/376643","targetHints":{"allow":["GET"]}}],"collection":[{"href":"https:\/\/grupotextil.es\/en\/wp-json\/wp\/v2\/product"}],"about":[{"href":"https:\/\/grupotextil.es\/en\/wp-json\/wp\/v2\/types\/product"}],"replies":[{"embeddable":true,"href":"https:\/\/grupotextil.es\/en\/wp-json\/wp\/v2\/comments?post=376643"}],"wp:featuredmedia":[{"embeddable":true,"href":"https:\/\/grupotextil.es\/en\/wp-json\/wp\/v2\/media\/414827"}],"wp:attachment":[{"href":"https:\/\/grupotextil.es\/en\/wp-json\/wp\/v2\/media?parent=376643"}],"wp:term":[{"taxonomy":"product_brand","embeddable":true,"href":"https:\/\/grupotextil.es\/en\/wp-json\/wp\/v2\/product_brand?post=376643"},{"taxonomy":"product_cat","embeddable":true,"href":"https:\/\/grupotextil.es\/en\/wp-json\/wp\/v2\/product_cat?post=376643"},{"taxonomy":"product_tag","embeddable":true,"href":"https:\/\/grupotextil.es\/en\/wp-json\/wp\/v2\/product_tag?post=376643"}],"curies":[{"name":"wp","href":"https:\/\/api.w.org\/{rel}","templated":true}]}}