{"id":376891,"date":"2026-03-08T03:16:24","date_gmt":"2026-03-08T02:16:24","guid":{"rendered":"https:\/\/grupotextil.es\/producto\/sudadera-capucha-active\/"},"modified":"2026-03-08T03:16:24","modified_gmt":"2026-03-08T02:16:24","slug":"sudadera-capucha-active","status":"publish","type":"product","link":"https:\/\/grupotextil.es\/en\/product\/sudadera-capucha-active\/","title":{"rendered":"Sweatshirt capucha Active"},"content":{"rendered":"<ul>\n<li>300 g\/m\u00b2<\/li>\n<li>80% algod\u00f3n, 20% poli\u00e9ster<\/li>\n<li>Charcoal\/Black: 60% algod\u00f3n, 40% poli\u00e9ster<\/li>\n<li>No desti\u00f1e<\/li>\n<li>Interior capucha y cord\u00f3n en color de contraste<\/li>\n<li>Cuello encintado en color de contraste<\/li>\n<li>Presilla en color de contraste en la parte posterior del cuello<\/li>\n<li>Mangas montadas en color de contraste<\/li>\n<li>Cremallera de metal YKK con detalles en blanco<\/li>\n<li>Bolsillo canguro<\/li>\n<li>Pu\u00f1os y bajos con rayas en color de contraste<\/li>\n<\/ul>","protected":false},"excerpt":{"rendered":"<p>300 g\/m\u00b280% algod\u00f3n, 20% poli\u00e9sterCharcoal\/Black: 60% algod\u00f3n, 40% poli\u00e9sterNo desti\u00f1eInterior capucha y cord\u00f3n en color de contrasteCuello encintado en color de contrastePresilla en color de contrast<\/p>","protected":false},"featured_media":414840,"comment_status":"open","ping_status":"closed","template":"","meta":{"_acf_changed":false},"product_brand":[11677],"product_cat":[13986,13977,13974,13975,13973],"product_tag":[],"class_list":{"0":"post-376891","1":"product","2":"type-product","3":"status-publish","4":"has-post-thumbnail","6":"product_brand-fdm","7":"product_cat-m-camisetas-manga-corta","8":"product_cat-h-camisetas-manga-corta","9":"product_cat-ropa-hombre","10":"product_cat-ropa-mujer","11":"product_cat-ropa","12":"tm-no-options","14":"first","15":"instock","16":"taxable","17":"shipping-taxable","18":"product-type-variable"},"acf":[],"_links":{"self":[{"href":"https:\/\/grupotextil.es\/en\/wp-json\/wp\/v2\/product\/376891","targetHints":{"allow":["GET"]}}],"collection":[{"href":"https:\/\/grupotextil.es\/en\/wp-json\/wp\/v2\/product"}],"about":[{"href":"https:\/\/grupotextil.es\/en\/wp-json\/wp\/v2\/types\/product"}],"replies":[{"embeddable":true,"href":"https:\/\/grupotextil.es\/en\/wp-json\/wp\/v2\/comments?post=376891"}],"wp:featuredmedia":[{"embeddable":true,"href":"https:\/\/grupotextil.es\/en\/wp-json\/wp\/v2\/media\/414840"}],"wp:attachment":[{"href":"https:\/\/grupotextil.es\/en\/wp-json\/wp\/v2\/media?parent=376891"}],"wp:term":[{"taxonomy":"product_brand","embeddable":true,"href":"https:\/\/grupotextil.es\/en\/wp-json\/wp\/v2\/product_brand?post=376891"},{"taxonomy":"product_cat","embeddable":true,"href":"https:\/\/grupotextil.es\/en\/wp-json\/wp\/v2\/product_cat?post=376891"},{"taxonomy":"product_tag","embeddable":true,"href":"https:\/\/grupotextil.es\/en\/wp-json\/wp\/v2\/product_tag?post=376891"}],"curies":[{"name":"wp","href":"https:\/\/api.w.org\/{rel}","templated":true}]}}