{"id":376896,"date":"2026-03-08T03:16:25","date_gmt":"2026-03-08T02:16:25","guid":{"rendered":"https:\/\/grupotextil.es\/producto\/sudadera-capucha-cremallera-entera-hombre-2\/"},"modified":"2026-03-08T03:16:25","modified_gmt":"2026-03-08T02:16:25","slug":"sudadera-capucha-cremallera-entera-hombre-2","status":"publish","type":"product","link":"https:\/\/grupotextil.es\/en\/product\/sudadera-capucha-cremallera-entera-hombre-2\/","title":{"rendered":"Sudadera capucha cremallera entera hombre"},"content":{"rendered":"<ul>\n<li>280 g\/m\u00b2<\/li>\n<li>80% algod\u00f3n, 20% poli\u00e9ster<\/li>\n<li>Cremallera estrecha oculta para mayor \u00e1rea de impresi\u00f3n<\/li>\n<li>Capucha de doble tejido con cuello encintado en punto simple y cord\u00f3n del mismo color<\/li>\n<li>Encintado en cuello en punto simple<\/li>\n<li>Dos bolsillos parche delanteros<\/li>\n<li>Pu\u00f1o y bajo en canal\u00e9 de algod\u00f3n\/lycra\u00ae para mantener la forma<\/li>\n<\/ul>","protected":false},"excerpt":{"rendered":"<p>280 g\/m\u00b280% algod\u00f3n, 20% poli\u00e9sterCremallera estrecha oculta para mayor \u00e1rea de impresi\u00f3nCapucha de doble tejido con cuello encintado en punto simple y cord\u00f3n del mismo colorEncintado en cuello en pun<\/p>","protected":false},"featured_media":414842,"comment_status":"open","ping_status":"closed","template":"","meta":{"_acf_changed":false},"product_brand":[11665],"product_cat":[13977,13986,13974,13975,13973],"product_tag":[14009],"class_list":{"0":"post-376896","1":"product","2":"type-product","3":"status-publish","4":"has-post-thumbnail","6":"product_brand-fruit-of-the-loom","7":"product_cat-h-camisetas-manga-corta","8":"product_cat-m-camisetas-manga-corta","9":"product_cat-ropa-hombre","10":"product_cat-ropa-mujer","11":"product_cat-ropa","12":"product_tag-top-ventas","13":"tm-no-options","15":"first","16":"instock","17":"taxable","18":"shipping-taxable","19":"product-type-variable"},"acf":[],"_links":{"self":[{"href":"https:\/\/grupotextil.es\/en\/wp-json\/wp\/v2\/product\/376896","targetHints":{"allow":["GET"]}}],"collection":[{"href":"https:\/\/grupotextil.es\/en\/wp-json\/wp\/v2\/product"}],"about":[{"href":"https:\/\/grupotextil.es\/en\/wp-json\/wp\/v2\/types\/product"}],"replies":[{"embeddable":true,"href":"https:\/\/grupotextil.es\/en\/wp-json\/wp\/v2\/comments?post=376896"}],"wp:featuredmedia":[{"embeddable":true,"href":"https:\/\/grupotextil.es\/en\/wp-json\/wp\/v2\/media\/414842"}],"wp:attachment":[{"href":"https:\/\/grupotextil.es\/en\/wp-json\/wp\/v2\/media?parent=376896"}],"wp:term":[{"taxonomy":"product_brand","embeddable":true,"href":"https:\/\/grupotextil.es\/en\/wp-json\/wp\/v2\/product_brand?post=376896"},{"taxonomy":"product_cat","embeddable":true,"href":"https:\/\/grupotextil.es\/en\/wp-json\/wp\/v2\/product_cat?post=376896"},{"taxonomy":"product_tag","embeddable":true,"href":"https:\/\/grupotextil.es\/en\/wp-json\/wp\/v2\/product_tag?post=376896"}],"curies":[{"name":"wp","href":"https:\/\/api.w.org\/{rel}","templated":true}]}}