{"id":376960,"date":"2026-03-08T03:16:27","date_gmt":"2026-03-08T02:16:27","guid":{"rendered":"https:\/\/grupotextil.es\/producto\/sweat-jacket-select\/"},"modified":"2026-03-08T03:16:27","modified_gmt":"2026-03-08T02:16:27","slug":"sweat-jacket-select","status":"publish","type":"product","link":"https:\/\/grupotextil.es\/en\/product\/sweat-jacket-select\/","title":{"rendered":"Sweat Jacket Select"},"content":{"rendered":"<ul>\n<li>280 g\/m\u00b2<\/li>\n<li>80% algod\u00f3n ring-spun, 20% poli\u00e9ster<\/li>\n<li>Grey Heather: 70% algod\u00f3n, 30% poli\u00e9ster<\/li>\n<li>Interior perchado<\/li>\n<li>Doble tejido en capucha. Cord\u00f3n ancho con detalles de metal (libre de n\u00edquel )<\/li>\n<li>Cuello encintado<\/li>\n<li>Cremallera entera con tirador de metal (libre de n\u00edquel)<\/li>\n<li>Bolsillos canguro<\/li>\n<li>Pu\u00f1os en canal\u00e9 y dobladillo inferior de elast\u00e1n<\/li>\n<li>Costuras planas<\/li>\n<li>Costuras laterales<\/li>\n<li>Corte normal<\/li>\n<\/ul>","protected":false},"excerpt":{"rendered":"<p>280 g\/m\u00b280% algod\u00f3n ring-spun, 20% poli\u00e9sterGrey Heather: 70% algod\u00f3n, 30% poli\u00e9sterInterior perchadoDoble tejido en capucha.<\/p>","protected":false},"featured_media":414865,"comment_status":"open","ping_status":"closed","template":"","meta":{"_acf_changed":false},"product_brand":[11658],"product_cat":[13977,13986,13974,13975,13973],"product_tag":[],"class_list":{"0":"post-376960","1":"product","2":"type-product","3":"status-publish","4":"has-post-thumbnail","6":"product_brand-stedman","7":"product_cat-h-camisetas-manga-corta","8":"product_cat-m-camisetas-manga-corta","9":"product_cat-ropa-hombre","10":"product_cat-ropa-mujer","11":"product_cat-ropa","12":"tm-no-options","14":"first","15":"instock","16":"taxable","17":"shipping-taxable","18":"product-type-variable"},"acf":[],"_links":{"self":[{"href":"https:\/\/grupotextil.es\/en\/wp-json\/wp\/v2\/product\/376960","targetHints":{"allow":["GET"]}}],"collection":[{"href":"https:\/\/grupotextil.es\/en\/wp-json\/wp\/v2\/product"}],"about":[{"href":"https:\/\/grupotextil.es\/en\/wp-json\/wp\/v2\/types\/product"}],"replies":[{"embeddable":true,"href":"https:\/\/grupotextil.es\/en\/wp-json\/wp\/v2\/comments?post=376960"}],"wp:featuredmedia":[{"embeddable":true,"href":"https:\/\/grupotextil.es\/en\/wp-json\/wp\/v2\/media\/414865"}],"wp:attachment":[{"href":"https:\/\/grupotextil.es\/en\/wp-json\/wp\/v2\/media?parent=376960"}],"wp:term":[{"taxonomy":"product_brand","embeddable":true,"href":"https:\/\/grupotextil.es\/en\/wp-json\/wp\/v2\/product_brand?post=376960"},{"taxonomy":"product_cat","embeddable":true,"href":"https:\/\/grupotextil.es\/en\/wp-json\/wp\/v2\/product_cat?post=376960"},{"taxonomy":"product_tag","embeddable":true,"href":"https:\/\/grupotextil.es\/en\/wp-json\/wp\/v2\/product_tag?post=376960"}],"curies":[{"name":"wp","href":"https:\/\/api.w.org\/{rel}","templated":true}]}}