{"id":377060,"date":"2026-03-08T03:17:12","date_gmt":"2026-03-08T02:17:12","guid":{"rendered":"https:\/\/grupotextil.es\/producto\/sudadera-capucha-nino-classic\/"},"modified":"2026-03-08T03:17:12","modified_gmt":"2026-03-08T02:17:12","slug":"sudadera-capucha-nino-classic","status":"publish","type":"product","link":"https:\/\/grupotextil.es\/en\/product\/sudadera-capucha-nino-classic\/","title":{"rendered":"Sweatshirt capucha Kids Classic"},"content":{"rendered":"<ul>\n<li>280 g\/m\u00b2<\/li>\n<li>80% algod\u00f3n, 20% poli\u00e9ster<\/li>\n<li>Cuello encintado en punto simple para mayor comodidad<\/li>\n<li>Cremallera estrecha oculta para mayor \u00e1rea de impresi\u00f3n<\/li>\n<li>Capucha de doble tejido sin cord\u00f3n, cumpliendo la legislaci\u00f3n europea de ropa para ni\u00f1os<\/li>\n<li>Dos bolsillos frontales<\/li>\n<li>Pu\u00f1o y bajo en canal\u00e9 de algod\u00f3n\/lycra\u00ae para mantener la forma<\/li>\n<\/ul>","protected":false},"excerpt":{"rendered":"<p>280 g\/m\u00b280% algod\u00f3n, 20% poli\u00e9sterCuello encintado en punto simple para mayor comodidadCremallera estrecha oculta para mayor \u00e1rea de impresi\u00f3nCapucha de doble tejido sin cord\u00f3n, cumpliendo la legislac<\/p>","protected":false},"featured_media":414950,"comment_status":"open","ping_status":"closed","template":"","meta":{"_acf_changed":false},"product_brand":[11665],"product_cat":[13986,13977,13974,13975,13973],"product_tag":[],"class_list":{"0":"post-377060","1":"product","2":"type-product","3":"status-publish","4":"has-post-thumbnail","6":"product_brand-fruit-of-the-loom","7":"product_cat-m-camisetas-manga-corta","8":"product_cat-h-camisetas-manga-corta","9":"product_cat-ropa-hombre","10":"product_cat-ropa-mujer","11":"product_cat-ropa","12":"tm-no-options","14":"first","15":"instock","16":"taxable","17":"shipping-taxable","18":"product-type-variable"},"acf":[],"_links":{"self":[{"href":"https:\/\/grupotextil.es\/en\/wp-json\/wp\/v2\/product\/377060","targetHints":{"allow":["GET"]}}],"collection":[{"href":"https:\/\/grupotextil.es\/en\/wp-json\/wp\/v2\/product"}],"about":[{"href":"https:\/\/grupotextil.es\/en\/wp-json\/wp\/v2\/types\/product"}],"replies":[{"embeddable":true,"href":"https:\/\/grupotextil.es\/en\/wp-json\/wp\/v2\/comments?post=377060"}],"wp:featuredmedia":[{"embeddable":true,"href":"https:\/\/grupotextil.es\/en\/wp-json\/wp\/v2\/media\/414950"}],"wp:attachment":[{"href":"https:\/\/grupotextil.es\/en\/wp-json\/wp\/v2\/media?parent=377060"}],"wp:term":[{"taxonomy":"product_brand","embeddable":true,"href":"https:\/\/grupotextil.es\/en\/wp-json\/wp\/v2\/product_brand?post=377060"},{"taxonomy":"product_cat","embeddable":true,"href":"https:\/\/grupotextil.es\/en\/wp-json\/wp\/v2\/product_cat?post=377060"},{"taxonomy":"product_tag","embeddable":true,"href":"https:\/\/grupotextil.es\/en\/wp-json\/wp\/v2\/product_tag?post=377060"}],"curies":[{"name":"wp","href":"https:\/\/api.w.org\/{rel}","templated":true}]}}