{"id":377232,"date":"2026-03-08T03:17:42","date_gmt":"2026-03-08T02:17:42","guid":{"rendered":"https:\/\/grupotextil.es\/producto\/gorro-con-pompon-nino\/"},"modified":"2026-03-08T03:17:42","modified_gmt":"2026-03-08T02:17:42","slug":"gorro-con-pompon-nino","status":"publish","type":"product","link":"https:\/\/grupotextil.es\/en\/product\/gorro-con-pompon-nino\/","title":{"rendered":"Beanie con pomp\u00f3n Kids"},"content":{"rendered":"<ul>\n<li>340 g\/m\u00b2<\/li>\n<li>100% poliacr\u00edlico<\/li>\n<li>Gris: 50% poli\u00e9ster, 50% poliacr\u00edlico<\/li>\n<li>Punto Heavyweight<\/li>\n<li>Tejido doble grosor<\/li>\n<li>Dobladillo para mejor decoraci\u00f3n<\/li>\n<li>Pomp\u00f3n decorativo<\/li>\n<li>Listo para personalizar<\/li>\n<\/ul>","protected":false},"excerpt":{"rendered":"<p>340 g\/m\u00b2100% poliacr\u00edlicoGris: 50% poli\u00e9ster, 50% poliacr\u00edlicoPunto HeavyweightTejido doble grosorDobladillo para mejor decoraci\u00f3nPomp\u00f3n decorativoListo para personalizar<\/p>","protected":false},"featured_media":415126,"comment_status":"open","ping_status":"closed","template":"","meta":{"_acf_changed":false},"product_brand":[11669],"product_cat":[13948,13954],"product_tag":[],"class_list":{"0":"post-377232","1":"product","2":"type-product","3":"status-publish","4":"has-post-thumbnail","6":"product_brand-result","7":"product_cat-accesorios","8":"product_cat-acc-bolsas-y-mochilas","9":"tm-no-options","11":"first","12":"instock","13":"taxable","14":"shipping-taxable","15":"product-type-variable"},"acf":[],"_links":{"self":[{"href":"https:\/\/grupotextil.es\/en\/wp-json\/wp\/v2\/product\/377232","targetHints":{"allow":["GET"]}}],"collection":[{"href":"https:\/\/grupotextil.es\/en\/wp-json\/wp\/v2\/product"}],"about":[{"href":"https:\/\/grupotextil.es\/en\/wp-json\/wp\/v2\/types\/product"}],"replies":[{"embeddable":true,"href":"https:\/\/grupotextil.es\/en\/wp-json\/wp\/v2\/comments?post=377232"}],"wp:featuredmedia":[{"embeddable":true,"href":"https:\/\/grupotextil.es\/en\/wp-json\/wp\/v2\/media\/415126"}],"wp:attachment":[{"href":"https:\/\/grupotextil.es\/en\/wp-json\/wp\/v2\/media?parent=377232"}],"wp:term":[{"taxonomy":"product_brand","embeddable":true,"href":"https:\/\/grupotextil.es\/en\/wp-json\/wp\/v2\/product_brand?post=377232"},{"taxonomy":"product_cat","embeddable":true,"href":"https:\/\/grupotextil.es\/en\/wp-json\/wp\/v2\/product_cat?post=377232"},{"taxonomy":"product_tag","embeddable":true,"href":"https:\/\/grupotextil.es\/en\/wp-json\/wp\/v2\/product_tag?post=377232"}],"curies":[{"name":"wp","href":"https:\/\/api.w.org\/{rel}","templated":true}]}}