{"id":377498,"date":"2026-03-08T03:18:06","date_gmt":"2026-03-08T02:18:06","guid":{"rendered":"https:\/\/grupotextil.es\/producto\/rinonera-simplicity\/"},"modified":"2026-03-08T03:18:06","modified_gmt":"2026-03-08T02:18:06","slug":"rinonera-simplicity","status":"publish","type":"product","link":"https:\/\/grupotextil.es\/en\/product\/rinonera-simplicity\/","title":{"rendered":"Ri\u00f1onera Simplicity"},"content":{"rendered":"<ul>\n<li>100% Poli\u00e9ster (Reciclado, 600D)<\/li>\n<li>Tejido repelente al agua<\/li>\n<li>Estilo minimalista<\/li>\n<li>Correa de cintura totalmente ajustable<\/li>\n<li>Compartimento principal con apertura con cremallera de 2 v\u00edas para f\u00e1cil acceso<\/li>\n<li>Tiradores de cremallera de PU del mismo color<\/li>\n<li>Bolsillo trasero con cremallera<\/li>\n<li>Bolsillo interior<\/li>\n<li>Etiqueta extra\u00edble para facilitar el cambio de marca<\/li>\n<li>Capacidad: 1 Litros<\/li>\n<li>Dimensiones: 56x34x35cm<\/li>\n<li>M\u00e1x. \u00e1rea de impresi\u00f3n: 16 x 9cm.<\/li>\n<\/ul>","protected":false},"excerpt":{"rendered":"<p>100% Poli\u00e9ster (Reciclado, 600D)Tejido repelente al aguaEstilo minimalistaCorrea de cintura totalmente ajustableCompartimento principal con apertura con cremallera de 2 v\u00edas para f\u00e1cil accesoTirado&#8230;<\/p>","protected":false},"featured_media":415300,"comment_status":"open","ping_status":"closed","template":"","meta":{"_acf_changed":false},"product_brand":[11668],"product_cat":[13948,13954],"product_tag":[],"class_list":{"0":"post-377498","1":"product","2":"type-product","3":"status-publish","4":"has-post-thumbnail","6":"product_brand-bag-base","7":"product_cat-accesorios","8":"product_cat-acc-bolsas-y-mochilas","9":"tm-no-options","11":"first","12":"instock","13":"taxable","14":"shipping-taxable","15":"product-type-variable"},"acf":[],"_links":{"self":[{"href":"https:\/\/grupotextil.es\/en\/wp-json\/wp\/v2\/product\/377498","targetHints":{"allow":["GET"]}}],"collection":[{"href":"https:\/\/grupotextil.es\/en\/wp-json\/wp\/v2\/product"}],"about":[{"href":"https:\/\/grupotextil.es\/en\/wp-json\/wp\/v2\/types\/product"}],"replies":[{"embeddable":true,"href":"https:\/\/grupotextil.es\/en\/wp-json\/wp\/v2\/comments?post=377498"}],"wp:featuredmedia":[{"embeddable":true,"href":"https:\/\/grupotextil.es\/en\/wp-json\/wp\/v2\/media\/415300"}],"wp:attachment":[{"href":"https:\/\/grupotextil.es\/en\/wp-json\/wp\/v2\/media?parent=377498"}],"wp:term":[{"taxonomy":"product_brand","embeddable":true,"href":"https:\/\/grupotextil.es\/en\/wp-json\/wp\/v2\/product_brand?post=377498"},{"taxonomy":"product_cat","embeddable":true,"href":"https:\/\/grupotextil.es\/en\/wp-json\/wp\/v2\/product_cat?post=377498"},{"taxonomy":"product_tag","embeddable":true,"href":"https:\/\/grupotextil.es\/en\/wp-json\/wp\/v2\/product_tag?post=377498"}],"curies":[{"name":"wp","href":"https:\/\/api.w.org\/{rel}","templated":true}]}}