{"id":377547,"date":"2026-03-08T03:18:15","date_gmt":"2026-03-08T02:18:15","guid":{"rendered":"https:\/\/grupotextil.es\/producto\/gorra-con-rejilla\/"},"modified":"2026-03-08T03:18:15","modified_gmt":"2026-03-08T02:18:15","slug":"gorra-con-rejilla","status":"publish","type":"product","link":"https:\/\/grupotextil.es\/en\/product\/gorra-con-rejilla\/","title":{"rendered":"Cap Mesh"},"content":{"rendered":"<ul>\n<li>44% poli\u00e9ster, 42% nylon, 7% algod\u00f3n, 7% elast\u00e1n<\/li>\n<li>Dise\u00f1o c\u00f3modo<\/li>\n<li>Rejilla en lateral y parte posterior<\/li>\n<li>Tejido buckram<\/li>\n<li>Visera con 8 filas de pespuntes<\/li>\n<li>Parte inferior de la visera del mismo color<\/li>\n<li>Visera precurvada<\/li>\n<\/ul>","protected":false},"excerpt":{"rendered":"<p>44% poli\u00e9ster, 42% nylon, 7% algod\u00f3n, 7% elast\u00e1nDise\u00f1o c\u00f3modoRejilla en lateral y parte posteriorTejido buckramVisera con 8 filas de pespuntesParte inferior de la visera del mismo colorVisera precurva<\/p>","protected":false},"featured_media":415401,"comment_status":"open","ping_status":"closed","template":"","meta":{"_acf_changed":false},"product_brand":[11678],"product_cat":[13948,13954],"product_tag":[],"class_list":{"0":"post-377547","1":"product","2":"type-product","3":"status-publish","4":"has-post-thumbnail","6":"product_brand-flexfit","7":"product_cat-accesorios","8":"product_cat-acc-bolsas-y-mochilas","9":"tm-no-options","11":"first","12":"instock","13":"taxable","14":"shipping-taxable","15":"product-type-variable"},"acf":[],"_links":{"self":[{"href":"https:\/\/grupotextil.es\/en\/wp-json\/wp\/v2\/product\/377547","targetHints":{"allow":["GET"]}}],"collection":[{"href":"https:\/\/grupotextil.es\/en\/wp-json\/wp\/v2\/product"}],"about":[{"href":"https:\/\/grupotextil.es\/en\/wp-json\/wp\/v2\/types\/product"}],"replies":[{"embeddable":true,"href":"https:\/\/grupotextil.es\/en\/wp-json\/wp\/v2\/comments?post=377547"}],"wp:featuredmedia":[{"embeddable":true,"href":"https:\/\/grupotextil.es\/en\/wp-json\/wp\/v2\/media\/415401"}],"wp:attachment":[{"href":"https:\/\/grupotextil.es\/en\/wp-json\/wp\/v2\/media?parent=377547"}],"wp:term":[{"taxonomy":"product_brand","embeddable":true,"href":"https:\/\/grupotextil.es\/en\/wp-json\/wp\/v2\/product_brand?post=377547"},{"taxonomy":"product_cat","embeddable":true,"href":"https:\/\/grupotextil.es\/en\/wp-json\/wp\/v2\/product_cat?post=377547"},{"taxonomy":"product_tag","embeddable":true,"href":"https:\/\/grupotextil.es\/en\/wp-json\/wp\/v2\/product_tag?post=377547"}],"curies":[{"name":"wp","href":"https:\/\/api.w.org\/{rel}","templated":true}]}}