{"id":377700,"date":"2026-03-08T03:18:35","date_gmt":"2026-03-08T02:18:35","guid":{"rendered":"https:\/\/grupotextil.es\/producto\/gorra-jersey\/"},"modified":"2026-03-08T03:18:35","modified_gmt":"2026-03-08T02:18:35","slug":"gorra-jersey","status":"publish","type":"product","link":"https:\/\/grupotextil.es\/en\/product\/gorra-jersey\/","title":{"rendered":"Cap Jersey"},"content":{"rendered":"<ul>\n<li>63% poli\u00e9ster, 34% algod\u00f3n, 3% elast\u00e1n<\/li>\n<li>Tejido suave de alta calidad<\/li>\n<li>Forma atl\u00e9tica de perfil medio<\/li>\n<li>6 paneles<\/li>\n<li>Tejido buckram<\/li>\n<li>Visera con 8 filas de pespuntes<\/li>\n<li>Parte inferior de la visera del mismo color<\/li>\n<li>Visera precurvada<\/li>\n<\/ul>","protected":false},"excerpt":{"rendered":"<p>63% poli\u00e9ster, 34% algod\u00f3n, 3% elast\u00e1nTejido suave de alta calidadForma atl\u00e9tica de perfil medio6 panelesTejido buckramVisera con 8 filas de pespuntesParte inferior de la visera del mismo colorVisera<\/p>","protected":false},"featured_media":415624,"comment_status":"open","ping_status":"closed","template":"","meta":{"_acf_changed":false},"product_brand":[11678],"product_cat":[13948,13954],"product_tag":[],"class_list":{"0":"post-377700","1":"product","2":"type-product","3":"status-publish","4":"has-post-thumbnail","6":"product_brand-flexfit","7":"product_cat-accesorios","8":"product_cat-acc-bolsas-y-mochilas","9":"tm-no-options","11":"first","12":"instock","13":"taxable","14":"shipping-taxable","15":"product-type-variable"},"acf":[],"_links":{"self":[{"href":"https:\/\/grupotextil.es\/en\/wp-json\/wp\/v2\/product\/377700","targetHints":{"allow":["GET"]}}],"collection":[{"href":"https:\/\/grupotextil.es\/en\/wp-json\/wp\/v2\/product"}],"about":[{"href":"https:\/\/grupotextil.es\/en\/wp-json\/wp\/v2\/types\/product"}],"replies":[{"embeddable":true,"href":"https:\/\/grupotextil.es\/en\/wp-json\/wp\/v2\/comments?post=377700"}],"wp:featuredmedia":[{"embeddable":true,"href":"https:\/\/grupotextil.es\/en\/wp-json\/wp\/v2\/media\/415624"}],"wp:attachment":[{"href":"https:\/\/grupotextil.es\/en\/wp-json\/wp\/v2\/media?parent=377700"}],"wp:term":[{"taxonomy":"product_brand","embeddable":true,"href":"https:\/\/grupotextil.es\/en\/wp-json\/wp\/v2\/product_brand?post=377700"},{"taxonomy":"product_cat","embeddable":true,"href":"https:\/\/grupotextil.es\/en\/wp-json\/wp\/v2\/product_cat?post=377700"},{"taxonomy":"product_tag","embeddable":true,"href":"https:\/\/grupotextil.es\/en\/wp-json\/wp\/v2\/product_tag?post=377700"}],"curies":[{"name":"wp","href":"https:\/\/api.w.org\/{rel}","templated":true}]}}