{"id":377831,"date":"2026-03-08T03:18:45","date_gmt":"2026-03-08T02:18:45","guid":{"rendered":"https:\/\/grupotextil.es\/producto\/bolsa-de-regalo-velvet\/"},"modified":"2026-03-08T03:18:45","modified_gmt":"2026-03-08T02:18:45","slug":"bolsa-de-regalo-velvet","status":"publish","type":"product","link":"https:\/\/grupotextil.es\/en\/product\/bolsa-de-regalo-velvet\/","title":{"rendered":"Bag de regalo Velvet"},"content":{"rendered":"<ul>\n<li>389 g\/m\u00b2<\/li>\n<li>Terciopelo 100% poli\u00e9ster (reciclado)<\/li>\n<li>Cierre con cord\u00f3n de cinta<\/li>\n<li>Cinta de grosgrain de un solo color<\/li>\n<li>Multiusos<\/li>\n<li>etiqueta extra\u00edble para facilitar el cambio de marca<\/li>\n<li>Disponible en tres tama\u00f1os: S, M, L<\/li>\n<li>Capacidad: S: 1 Litros, M: 7 Litros, L: 25 Litros<\/li>\n<li>Dimensiones: S: 24 x 17 cm, M: 44 x 36 cm, L: 68 x 54 cm<\/li>\n<li>M\u00e1x. bordado: S: aro de 15 tubulares, M: aro de 21 tubulares, L: aro de 30 tubulares<\/li>\n<li>M\u00e1x. \u00e1rea de impresi\u00f3n: S: 15 x 17 cm, M: 33 x 26 cm, L: 50 x 59 cm.<\/li>\n<\/ul>","protected":false},"excerpt":{"rendered":"<p>389 g\/m\u00b2Terciopelo 100% poli\u00e9ster (reciclado)Cierre con cord\u00f3n de cintaCinta de grosgrain de un solo colorMultiusosetiqueta extra\u00edble para facilitar el cambio de marcaDisponible en tres tama\u00f1os: S,&#8230;<\/p>","protected":false},"featured_media":415777,"comment_status":"open","ping_status":"closed","template":"","meta":{"_acf_changed":false},"product_brand":[11668],"product_cat":[13948,13954],"product_tag":[],"class_list":{"0":"post-377831","1":"product","2":"type-product","3":"status-publish","4":"has-post-thumbnail","6":"product_brand-bag-base","7":"product_cat-accesorios","8":"product_cat-acc-bolsas-y-mochilas","9":"tm-no-options","11":"first","12":"instock","13":"taxable","14":"shipping-taxable","15":"product-type-variable"},"acf":[],"_links":{"self":[{"href":"https:\/\/grupotextil.es\/en\/wp-json\/wp\/v2\/product\/377831","targetHints":{"allow":["GET"]}}],"collection":[{"href":"https:\/\/grupotextil.es\/en\/wp-json\/wp\/v2\/product"}],"about":[{"href":"https:\/\/grupotextil.es\/en\/wp-json\/wp\/v2\/types\/product"}],"replies":[{"embeddable":true,"href":"https:\/\/grupotextil.es\/en\/wp-json\/wp\/v2\/comments?post=377831"}],"wp:featuredmedia":[{"embeddable":true,"href":"https:\/\/grupotextil.es\/en\/wp-json\/wp\/v2\/media\/415777"}],"wp:attachment":[{"href":"https:\/\/grupotextil.es\/en\/wp-json\/wp\/v2\/media?parent=377831"}],"wp:term":[{"taxonomy":"product_brand","embeddable":true,"href":"https:\/\/grupotextil.es\/en\/wp-json\/wp\/v2\/product_brand?post=377831"},{"taxonomy":"product_cat","embeddable":true,"href":"https:\/\/grupotextil.es\/en\/wp-json\/wp\/v2\/product_cat?post=377831"},{"taxonomy":"product_tag","embeddable":true,"href":"https:\/\/grupotextil.es\/en\/wp-json\/wp\/v2\/product_tag?post=377831"}],"curies":[{"name":"wp","href":"https:\/\/api.w.org\/{rel}","templated":true}]}}