{"id":377876,"date":"2026-03-08T03:18:54","date_gmt":"2026-03-08T02:18:54","guid":{"rendered":"https:\/\/grupotextil.es\/producto\/gorra-classic\/"},"modified":"2026-03-08T03:18:54","modified_gmt":"2026-03-08T02:18:54","slug":"gorra-classic","status":"publish","type":"product","link":"https:\/\/grupotextil.es\/en\/product\/gorra-classic\/","title":{"rendered":"Cap Classic"},"content":{"rendered":"<ul>\n<li>205 g\/m\u00b2<\/li>\n<li>60% algod\u00f3n, 40% poli\u00e9ster<\/li>\n<li>5 paneles<\/li>\n<li>Panel frontal sin costuras<\/li>\n<li>Tejido Buckram<\/li>\n<li>Forma cl\u00e1sica con visera plana y parte inferior del mismo color<\/li>\n<li>Ideal para serigraf\u00eda y bordado.<\/li>\n<\/ul>","protected":false},"excerpt":{"rendered":"<p>205 g\/m\u00b260% algod\u00f3n, 40% poli\u00e9ster5 panelesPanel frontal sin costurasTejido BuckramForma cl\u00e1sica con visera plana y parte inferior del mismo colorIdeal para serigraf\u00eda y bordado.<\/p>","protected":false},"featured_media":415935,"comment_status":"open","ping_status":"closed","template":"","meta":{"_acf_changed":false},"product_brand":[11679],"product_cat":[13948,13954],"product_tag":[],"class_list":{"0":"post-377876","1":"product","2":"type-product","3":"status-publish","4":"has-post-thumbnail","6":"product_brand-yupoong","7":"product_cat-accesorios","8":"product_cat-acc-bolsas-y-mochilas","9":"tm-no-options","11":"first","12":"instock","13":"taxable","14":"shipping-taxable","15":"product-type-variable"},"acf":[],"_links":{"self":[{"href":"https:\/\/grupotextil.es\/en\/wp-json\/wp\/v2\/product\/377876","targetHints":{"allow":["GET"]}}],"collection":[{"href":"https:\/\/grupotextil.es\/en\/wp-json\/wp\/v2\/product"}],"about":[{"href":"https:\/\/grupotextil.es\/en\/wp-json\/wp\/v2\/types\/product"}],"replies":[{"embeddable":true,"href":"https:\/\/grupotextil.es\/en\/wp-json\/wp\/v2\/comments?post=377876"}],"wp:featuredmedia":[{"embeddable":true,"href":"https:\/\/grupotextil.es\/en\/wp-json\/wp\/v2\/media\/415935"}],"wp:attachment":[{"href":"https:\/\/grupotextil.es\/en\/wp-json\/wp\/v2\/media?parent=377876"}],"wp:term":[{"taxonomy":"product_brand","embeddable":true,"href":"https:\/\/grupotextil.es\/en\/wp-json\/wp\/v2\/product_brand?post=377876"},{"taxonomy":"product_cat","embeddable":true,"href":"https:\/\/grupotextil.es\/en\/wp-json\/wp\/v2\/product_cat?post=377876"},{"taxonomy":"product_tag","embeddable":true,"href":"https:\/\/grupotextil.es\/en\/wp-json\/wp\/v2\/product_tag?post=377876"}],"curies":[{"name":"wp","href":"https:\/\/api.w.org\/{rel}","templated":true}]}}