{"id":377883,"date":"2026-03-08T03:18:54","date_gmt":"2026-03-08T02:18:54","guid":{"rendered":"https:\/\/grupotextil.es\/producto\/simplicity-tote\/"},"modified":"2026-03-08T03:18:54","modified_gmt":"2026-03-08T02:18:54","slug":"simplicity-tote","status":"publish","type":"product","link":"https:\/\/grupotextil.es\/en\/product\/simplicity-tote\/","title":{"rendered":"Simplicity Tote"},"content":{"rendered":"<ul>\n<li>252 g\/m\u00b2<\/li>\n<li>100 % poli\u00e9ster (reciclado 600D)<\/li>\n<li>Contiene 100% poli\u00e9ster reciclado certificado por GRS, certificado por Control Union CU811033<\/li>\n<li>Ligeramente acolchado para mayor protecci\u00f3n.<\/li>\n<li>Tejido repelente al agua<\/li>\n<li>Estilo minimalista<\/li>\n<li>Gran compartimento principal con cremallera.<\/li>\n<li>Bolsillo interior con cremallera<\/li>\n<li>Bolsillo frontal con cremallera<\/li>\n<li>Bolsillos laterales<\/li>\n<li>Asas dobles: asa de transporte y para colgar del hombro<\/li>\n<li>Etiqueta extra\u00edble para facilitar el cambio de marca<\/li>\n<li>Asa Corta: 35 cm, Asa Larga: 85 cm<\/li>\n<li>Capacidad: 32 Litros<\/li>\n<li>Dimensiones: 33 x 55 x 16.5 cm<\/li>\n<li>Bordado m\u00e1x: 15 aro tubular (bolsillo delantero)<\/li>\n<li>\u00c1rea de impresi\u00f3n m\u00e1x: 34 x 18 cm (bolsillo delantero).<\/li>\n<\/ul>","protected":false},"excerpt":{"rendered":"<p>252 g\/m\u00b2100 % poli\u00e9ster (reciclado 600D)Contiene 100% poli\u00e9ster reciclado certificado por GRS, certificado por Control Union CU811033Ligeramente acolchado para mayor protecci\u00f3n.<\/p>","protected":false},"featured_media":415952,"comment_status":"open","ping_status":"closed","template":"","meta":{"_acf_changed":false},"product_brand":[11668],"product_cat":[13948,13954],"product_tag":[],"class_list":{"0":"post-377883","1":"product","2":"type-product","3":"status-publish","4":"has-post-thumbnail","6":"product_brand-bag-base","7":"product_cat-accesorios","8":"product_cat-acc-bolsas-y-mochilas","9":"tm-no-options","11":"first","12":"instock","13":"taxable","14":"shipping-taxable","15":"product-type-variable"},"acf":[],"_links":{"self":[{"href":"https:\/\/grupotextil.es\/en\/wp-json\/wp\/v2\/product\/377883","targetHints":{"allow":["GET"]}}],"collection":[{"href":"https:\/\/grupotextil.es\/en\/wp-json\/wp\/v2\/product"}],"about":[{"href":"https:\/\/grupotextil.es\/en\/wp-json\/wp\/v2\/types\/product"}],"replies":[{"embeddable":true,"href":"https:\/\/grupotextil.es\/en\/wp-json\/wp\/v2\/comments?post=377883"}],"wp:featuredmedia":[{"embeddable":true,"href":"https:\/\/grupotextil.es\/en\/wp-json\/wp\/v2\/media\/415952"}],"wp:attachment":[{"href":"https:\/\/grupotextil.es\/en\/wp-json\/wp\/v2\/media?parent=377883"}],"wp:term":[{"taxonomy":"product_brand","embeddable":true,"href":"https:\/\/grupotextil.es\/en\/wp-json\/wp\/v2\/product_brand?post=377883"},{"taxonomy":"product_cat","embeddable":true,"href":"https:\/\/grupotextil.es\/en\/wp-json\/wp\/v2\/product_cat?post=377883"},{"taxonomy":"product_tag","embeddable":true,"href":"https:\/\/grupotextil.es\/en\/wp-json\/wp\/v2\/product_tag?post=377883"}],"curies":[{"name":"wp","href":"https:\/\/api.w.org\/{rel}","templated":true}]}}