{"id":378158,"date":"2026-03-08T03:19:25","date_gmt":"2026-03-08T02:19:25","guid":{"rendered":"https:\/\/grupotextil.es\/producto\/gorra-110-trucker-reciclada-forma-alpha\/"},"modified":"2026-03-08T03:19:25","modified_gmt":"2026-03-08T02:19:25","slug":"gorra-110-trucker-reciclada-forma-alpha","status":"publish","type":"product","link":"https:\/\/grupotextil.es\/en\/product\/gorra-110-trucker-reciclada-forma-alpha\/","title":{"rendered":"Cap 110 Trucker reciclado forma Alpha"},"content":{"rendered":"<ul>\n<li>100% poli\u00e9ster reciclado<\/li>\n<li>Gorra de 6 paneles<\/li>\n<li>Malla de poli\u00e9ster en el lateral y la parte trasera<\/li>\n<li>Visera con ocho hileras de costuras<\/li>\n<li>Ojales<\/li>\n<li>Ajustador de tama\u00f1o snapback<\/li>\n<li>Visera permacurvada patentada<\/li>\n<\/ul>","protected":false},"excerpt":{"rendered":"<p>100% poli\u00e9ster recicladoGorra de 6 panelesMalla de poli\u00e9ster en el lateral y la parte traseraVisera con ocho hileras de costurasOjalesAjustador de tama\u00f1o snapbackVisera permacurvada patentada<\/p>","protected":false},"featured_media":416441,"comment_status":"open","ping_status":"closed","template":"","meta":{"_acf_changed":false},"product_brand":[11678],"product_cat":[13948,13954],"product_tag":[],"class_list":{"0":"post-378158","1":"product","2":"type-product","3":"status-publish","4":"has-post-thumbnail","6":"product_brand-flexfit","7":"product_cat-accesorios","8":"product_cat-acc-bolsas-y-mochilas","9":"tm-no-options","11":"first","12":"instock","13":"taxable","14":"shipping-taxable","15":"product-type-variable"},"acf":[],"_links":{"self":[{"href":"https:\/\/grupotextil.es\/en\/wp-json\/wp\/v2\/product\/378158","targetHints":{"allow":["GET"]}}],"collection":[{"href":"https:\/\/grupotextil.es\/en\/wp-json\/wp\/v2\/product"}],"about":[{"href":"https:\/\/grupotextil.es\/en\/wp-json\/wp\/v2\/types\/product"}],"replies":[{"embeddable":true,"href":"https:\/\/grupotextil.es\/en\/wp-json\/wp\/v2\/comments?post=378158"}],"wp:featuredmedia":[{"embeddable":true,"href":"https:\/\/grupotextil.es\/en\/wp-json\/wp\/v2\/media\/416441"}],"wp:attachment":[{"href":"https:\/\/grupotextil.es\/en\/wp-json\/wp\/v2\/media?parent=378158"}],"wp:term":[{"taxonomy":"product_brand","embeddable":true,"href":"https:\/\/grupotextil.es\/en\/wp-json\/wp\/v2\/product_brand?post=378158"},{"taxonomy":"product_cat","embeddable":true,"href":"https:\/\/grupotextil.es\/en\/wp-json\/wp\/v2\/product_cat?post=378158"},{"taxonomy":"product_tag","embeddable":true,"href":"https:\/\/grupotextil.es\/en\/wp-json\/wp\/v2\/product_tag?post=378158"}],"curies":[{"name":"wp","href":"https:\/\/api.w.org\/{rel}","templated":true}]}}