{"id":378407,"date":"2026-03-08T03:19:50","date_gmt":"2026-03-08T02:19:50","guid":{"rendered":"https:\/\/grupotextil.es\/producto\/gorra-rapero\/"},"modified":"2026-03-08T03:19:50","modified_gmt":"2026-03-08T02:19:50","slug":"gorra-rapero","status":"publish","type":"product","link":"https:\/\/grupotextil.es\/en\/product\/gorra-rapero\/","title":{"rendered":"Cap Rapero"},"content":{"rendered":"<ul>\n<li>98% algod\u00f3n, 2% elast\u00e1n<\/li>\n<li>5 paneles<\/li>\n<li>Corona el\u00e1stica, un talla<\/li>\n<li>Ojales<\/li>\n<li>Visera plana con 8 filas de pespuntes<\/li>\n<\/ul>","protected":false},"excerpt":{"rendered":"<p>98% algod\u00f3n, 2% elast\u00e1n5 panelesCorona el\u00e1stica, un tallaOjalesVisera plana con 8 filas de pespuntes<\/p>","protected":false},"featured_media":416870,"comment_status":"open","ping_status":"closed","template":"","meta":{"_acf_changed":false},"product_brand":[11655],"product_cat":[13948,13954],"product_tag":[],"class_list":{"0":"post-378407","1":"product","2":"type-product","3":"status-publish","4":"has-post-thumbnail","6":"product_brand-beechfield","7":"product_cat-accesorios","8":"product_cat-acc-bolsas-y-mochilas","9":"tm-no-options","11":"first","12":"instock","13":"taxable","14":"shipping-taxable","15":"product-type-variable"},"acf":[],"_links":{"self":[{"href":"https:\/\/grupotextil.es\/en\/wp-json\/wp\/v2\/product\/378407","targetHints":{"allow":["GET"]}}],"collection":[{"href":"https:\/\/grupotextil.es\/en\/wp-json\/wp\/v2\/product"}],"about":[{"href":"https:\/\/grupotextil.es\/en\/wp-json\/wp\/v2\/types\/product"}],"replies":[{"embeddable":true,"href":"https:\/\/grupotextil.es\/en\/wp-json\/wp\/v2\/comments?post=378407"}],"wp:featuredmedia":[{"embeddable":true,"href":"https:\/\/grupotextil.es\/en\/wp-json\/wp\/v2\/media\/416870"}],"wp:attachment":[{"href":"https:\/\/grupotextil.es\/en\/wp-json\/wp\/v2\/media?parent=378407"}],"wp:term":[{"taxonomy":"product_brand","embeddable":true,"href":"https:\/\/grupotextil.es\/en\/wp-json\/wp\/v2\/product_brand?post=378407"},{"taxonomy":"product_cat","embeddable":true,"href":"https:\/\/grupotextil.es\/en\/wp-json\/wp\/v2\/product_cat?post=378407"},{"taxonomy":"product_tag","embeddable":true,"href":"https:\/\/grupotextil.es\/en\/wp-json\/wp\/v2\/product_tag?post=378407"}],"curies":[{"name":"wp","href":"https:\/\/api.w.org\/{rel}","templated":true}]}}