{"id":378573,"date":"2026-03-08T03:20:04","date_gmt":"2026-03-08T02:20:04","guid":{"rendered":"https:\/\/grupotextil.es\/producto\/guantes-sin-dedos\/"},"modified":"2026-03-08T03:20:04","modified_gmt":"2026-03-08T02:20:04","slug":"guantes-sin-dedos","status":"publish","type":"product","link":"https:\/\/grupotextil.es\/en\/product\/guantes-sin-dedos\/","title":{"rendered":"Glove sin dedos"},"content":{"rendered":"<ul>\n<li>95% poliacr\u00edlico (suave), 5% elast\u00e1n<\/li>\n<li>Charcoal: 67% poliacr\u00edlico (suave), 28% polipropileno, 5% elast\u00e1n<\/li>\n<li>Tejido de una pieza<\/li>\n<li>Sin dedos<\/li>\n<li>Pu\u00f1os en canal\u00e9<\/li>\n<\/ul>","protected":false},"excerpt":{"rendered":"<p>95% poliacr\u00edlico (suave), 5% elast\u00e1nCharcoal: 67% poliacr\u00edlico (suave), 28% polipropileno, 5% elast\u00e1nTejido de una piezaSin dedosPu\u00f1os en canal\u00e9<\/p>","protected":false},"featured_media":417160,"comment_status":"open","ping_status":"closed","template":"","meta":{"_acf_changed":false},"product_brand":[11655],"product_cat":[13948,13977,13986,13950,13974,13975,13973],"product_tag":[],"class_list":{"0":"post-378573","1":"product","2":"type-product","3":"status-publish","4":"has-post-thumbnail","6":"product_brand-beechfield","7":"product_cat-accesorios","8":"product_cat-h-camisetas-manga-corta","9":"product_cat-m-camisetas-manga-corta","10":"product_cat-gorros-y-beanies","11":"product_cat-ropa-hombre","12":"product_cat-ropa-mujer","13":"product_cat-ropa","14":"tm-no-options","16":"first","17":"instock","18":"taxable","19":"shipping-taxable","20":"product-type-variable"},"acf":[],"_links":{"self":[{"href":"https:\/\/grupotextil.es\/en\/wp-json\/wp\/v2\/product\/378573","targetHints":{"allow":["GET"]}}],"collection":[{"href":"https:\/\/grupotextil.es\/en\/wp-json\/wp\/v2\/product"}],"about":[{"href":"https:\/\/grupotextil.es\/en\/wp-json\/wp\/v2\/types\/product"}],"replies":[{"embeddable":true,"href":"https:\/\/grupotextil.es\/en\/wp-json\/wp\/v2\/comments?post=378573"}],"wp:featuredmedia":[{"embeddable":true,"href":"https:\/\/grupotextil.es\/en\/wp-json\/wp\/v2\/media\/417160"}],"wp:attachment":[{"href":"https:\/\/grupotextil.es\/en\/wp-json\/wp\/v2\/media?parent=378573"}],"wp:term":[{"taxonomy":"product_brand","embeddable":true,"href":"https:\/\/grupotextil.es\/en\/wp-json\/wp\/v2\/product_brand?post=378573"},{"taxonomy":"product_cat","embeddable":true,"href":"https:\/\/grupotextil.es\/en\/wp-json\/wp\/v2\/product_cat?post=378573"},{"taxonomy":"product_tag","embeddable":true,"href":"https:\/\/grupotextil.es\/en\/wp-json\/wp\/v2\/product_tag?post=378573"}],"curies":[{"name":"wp","href":"https:\/\/api.w.org\/{rel}","templated":true}]}}