{"id":378647,"date":"2026-03-08T03:20:08","date_gmt":"2026-03-08T02:20:08","guid":{"rendered":"https:\/\/grupotextil.es\/producto\/snapback-retro-de-mezcla-de-algodon\/"},"modified":"2026-03-08T03:20:08","modified_gmt":"2026-03-08T02:20:08","slug":"snapback-retro-de-mezcla-de-algodon","status":"publish","type":"product","link":"https:\/\/grupotextil.es\/en\/product\/snapback-retro-de-mezcla-de-algodon\/","title":{"rendered":"Snapback retro de mezcla Cotton"},"content":{"rendered":"<ul>\n<li>60% Algod\u00f3n, 40% Poli\u00e9ster<\/li>\n<li>6 paneles<\/li>\n<li>Tejido estructurado<\/li>\n<li>Visera permacurva patentada<\/li>\n<li>Cierre a presi\u00f3n<\/li>\n<\/ul>","protected":false},"excerpt":{"rendered":"<p>60% Algod\u00f3n, 40% Poli\u00e9ster6 panelesTejido estructuradoVisera permacurva patentadaCierre a presi\u00f3n<\/p>","protected":false},"featured_media":417296,"comment_status":"open","ping_status":"closed","template":"","meta":{"_acf_changed":false},"product_brand":[11678],"product_cat":[13948,13977,13986,13950,13974,13975,13973],"product_tag":[],"class_list":{"0":"post-378647","1":"product","2":"type-product","3":"status-publish","4":"has-post-thumbnail","6":"product_brand-flexfit","7":"product_cat-accesorios","8":"product_cat-h-camisetas-manga-corta","9":"product_cat-m-camisetas-manga-corta","10":"product_cat-gorros-y-beanies","11":"product_cat-ropa-hombre","12":"product_cat-ropa-mujer","13":"product_cat-ropa","14":"tm-no-options","16":"first","17":"instock","18":"taxable","19":"shipping-taxable","20":"product-type-variable"},"acf":[],"_links":{"self":[{"href":"https:\/\/grupotextil.es\/en\/wp-json\/wp\/v2\/product\/378647","targetHints":{"allow":["GET"]}}],"collection":[{"href":"https:\/\/grupotextil.es\/en\/wp-json\/wp\/v2\/product"}],"about":[{"href":"https:\/\/grupotextil.es\/en\/wp-json\/wp\/v2\/types\/product"}],"replies":[{"embeddable":true,"href":"https:\/\/grupotextil.es\/en\/wp-json\/wp\/v2\/comments?post=378647"}],"wp:featuredmedia":[{"embeddable":true,"href":"https:\/\/grupotextil.es\/en\/wp-json\/wp\/v2\/media\/417296"}],"wp:attachment":[{"href":"https:\/\/grupotextil.es\/en\/wp-json\/wp\/v2\/media?parent=378647"}],"wp:term":[{"taxonomy":"product_brand","embeddable":true,"href":"https:\/\/grupotextil.es\/en\/wp-json\/wp\/v2\/product_brand?post=378647"},{"taxonomy":"product_cat","embeddable":true,"href":"https:\/\/grupotextil.es\/en\/wp-json\/wp\/v2\/product_cat?post=378647"},{"taxonomy":"product_tag","embeddable":true,"href":"https:\/\/grupotextil.es\/en\/wp-json\/wp\/v2\/product_tag?post=378647"}],"curies":[{"name":"wp","href":"https:\/\/api.w.org\/{rel}","templated":true}]}}