{"id":378669,"date":"2026-03-08T03:20:09","date_gmt":"2026-03-08T02:20:09","guid":{"rendered":"https:\/\/grupotextil.es\/producto\/gorra-5-paneles-2\/"},"modified":"2026-03-08T03:20:09","modified_gmt":"2026-03-08T02:20:09","slug":"gorra-5-paneles-2","status":"publish","type":"product","link":"https:\/\/grupotextil.es\/en\/product\/gorra-5-paneles-2\/","title":{"rendered":"Cap 5 Panel"},"content":{"rendered":"<ul>\n<li>350 g\/m\u00b2<\/li>\n<li>100% algod\u00f3n<\/li>\n<li>5 paneles<\/li>\n<li>Panel frontal reforzado y sin costuras<\/li>\n<li>Visera con 6 lineas de costuras<\/li>\n<li>Cierre met\u00e1lico ajustable<\/li>\n<li>Apropiada para serigraf\u00eda y bordado<\/li>\n<\/ul>","protected":false},"excerpt":{"rendered":"<p>350 g\/m\u00b2100% algod\u00f3n5 panelesPanel frontal reforzado y sin costurasVisera con 6 lineas de costurasCierre met\u00e1lico ajustableApropiada para serigraf\u00eda y bordado<\/p>","protected":false},"featured_media":417332,"comment_status":"open","ping_status":"closed","template":"","meta":{"_acf_changed":false},"product_brand":[11659],"product_cat":[13948],"product_tag":[],"class_list":{"0":"post-378669","1":"product","2":"type-product","3":"status-publish","4":"has-post-thumbnail","6":"product_brand-result-caps","7":"product_cat-accesorios","8":"tm-no-options","10":"first","11":"instock","12":"taxable","13":"shipping-taxable","14":"product-type-variable"},"acf":[],"_links":{"self":[{"href":"https:\/\/grupotextil.es\/en\/wp-json\/wp\/v2\/product\/378669","targetHints":{"allow":["GET"]}}],"collection":[{"href":"https:\/\/grupotextil.es\/en\/wp-json\/wp\/v2\/product"}],"about":[{"href":"https:\/\/grupotextil.es\/en\/wp-json\/wp\/v2\/types\/product"}],"replies":[{"embeddable":true,"href":"https:\/\/grupotextil.es\/en\/wp-json\/wp\/v2\/comments?post=378669"}],"wp:featuredmedia":[{"embeddable":true,"href":"https:\/\/grupotextil.es\/en\/wp-json\/wp\/v2\/media\/417332"}],"wp:attachment":[{"href":"https:\/\/grupotextil.es\/en\/wp-json\/wp\/v2\/media?parent=378669"}],"wp:term":[{"taxonomy":"product_brand","embeddable":true,"href":"https:\/\/grupotextil.es\/en\/wp-json\/wp\/v2\/product_brand?post=378669"},{"taxonomy":"product_cat","embeddable":true,"href":"https:\/\/grupotextil.es\/en\/wp-json\/wp\/v2\/product_cat?post=378669"},{"taxonomy":"product_tag","embeddable":true,"href":"https:\/\/grupotextil.es\/en\/wp-json\/wp\/v2\/product_tag?post=378669"}],"curies":[{"name":"wp","href":"https:\/\/api.w.org\/{rel}","templated":true}]}}