{"id":378714,"date":"2026-03-08T03:20:16","date_gmt":"2026-03-08T02:20:16","guid":{"rendered":"https:\/\/grupotextil.es\/producto\/gorra-algodon-sarga-6-paneles\/"},"modified":"2026-03-08T03:20:16","modified_gmt":"2026-03-08T02:20:16","slug":"gorra-algodon-sarga-6-paneles","status":"publish","type":"product","link":"https:\/\/grupotextil.es\/en\/product\/gorra-algodon-sarga-6-paneles\/","title":{"rendered":"Cap algod\u00f3n sarga 6 Panel"},"content":{"rendered":"<ul>\n<li>140 g\/m\u00b2<\/li>\n<li>100% algod\u00f3n<\/li>\n<li>6 paneles<\/li>\n<li>Pre-lavado y tacto suave<\/li>\n<li>Visera sandwich con 4 l\u00edneas de costuras<\/li>\n<li>Ojales<\/li>\n<li>Cierre de clip ajustable<\/li>\n<li>Apropiada para bordado e impresi\u00f3n<\/li>\n<\/ul>","protected":false},"excerpt":{"rendered":"<p>140 g\/m\u00b2100% algod\u00f3n6 panelesPre-lavado y tacto suaveVisera sandwich con 4 l\u00edneas de costurasOjalesCierre de clip ajustableApropiada para bordado e impresi\u00f3n<\/p>","protected":false},"featured_media":417443,"comment_status":"open","ping_status":"closed","template":"","meta":{"_acf_changed":false},"product_brand":[11659],"product_cat":[13948],"product_tag":[],"class_list":{"0":"post-378714","1":"product","2":"type-product","3":"status-publish","4":"has-post-thumbnail","6":"product_brand-result-caps","7":"product_cat-accesorios","8":"tm-no-options","10":"first","11":"instock","12":"taxable","13":"shipping-taxable","14":"product-type-variable"},"acf":[],"_links":{"self":[{"href":"https:\/\/grupotextil.es\/en\/wp-json\/wp\/v2\/product\/378714","targetHints":{"allow":["GET"]}}],"collection":[{"href":"https:\/\/grupotextil.es\/en\/wp-json\/wp\/v2\/product"}],"about":[{"href":"https:\/\/grupotextil.es\/en\/wp-json\/wp\/v2\/types\/product"}],"replies":[{"embeddable":true,"href":"https:\/\/grupotextil.es\/en\/wp-json\/wp\/v2\/comments?post=378714"}],"wp:featuredmedia":[{"embeddable":true,"href":"https:\/\/grupotextil.es\/en\/wp-json\/wp\/v2\/media\/417443"}],"wp:attachment":[{"href":"https:\/\/grupotextil.es\/en\/wp-json\/wp\/v2\/media?parent=378714"}],"wp:term":[{"taxonomy":"product_brand","embeddable":true,"href":"https:\/\/grupotextil.es\/en\/wp-json\/wp\/v2\/product_brand?post=378714"},{"taxonomy":"product_cat","embeddable":true,"href":"https:\/\/grupotextil.es\/en\/wp-json\/wp\/v2\/product_cat?post=378714"},{"taxonomy":"product_tag","embeddable":true,"href":"https:\/\/grupotextil.es\/en\/wp-json\/wp\/v2\/product_tag?post=378714"}],"curies":[{"name":"wp","href":"https:\/\/api.w.org\/{rel}","templated":true}]}}