{"id":378725,"date":"2026-03-08T03:20:18","date_gmt":"2026-03-08T02:20:18","guid":{"rendered":"https:\/\/grupotextil.es\/producto\/gorro-sherpa-clasico\/"},"modified":"2026-03-08T03:20:18","modified_gmt":"2026-03-08T02:20:18","slug":"gorro-sherpa-clasico","status":"publish","type":"product","link":"https:\/\/grupotextil.es\/en\/product\/gorro-sherpa-clasico\/","title":{"rendered":"Beanie Sherpa cl\u00e1sico"},"content":{"rendered":"<ul>\n<li>100% poli\u00e9ster<\/li>\n<li>80% acrilico, 20% poli\u00e9ster<\/li>\n<li>Impermeable<\/li>\n<li>Secado r\u00e1pido<\/li>\n<li>Costuras dobles<\/li>\n<li>Ojales de metal a la altura de las orejas<\/li>\n<li>Alas plegables<\/li>\n<li>Cierre de clip de pl\u00e1stico<\/li>\n<\/ul>","protected":false},"excerpt":{"rendered":"<p>100% poli\u00e9ster80% acrilico, 20% poli\u00e9sterImpermeableSecado r\u00e1pidoCosturas doblesOjales de metal a la altura de las orejasAlas plegablesCierre de clip de pl\u00e1stico<\/p>","protected":false},"featured_media":417499,"comment_status":"open","ping_status":"closed","template":"","meta":{"_acf_changed":false},"product_brand":[11659],"product_cat":[13948],"product_tag":[],"class_list":{"0":"post-378725","1":"product","2":"type-product","3":"status-publish","4":"has-post-thumbnail","6":"product_brand-result-caps","7":"product_cat-accesorios","8":"tm-no-options","10":"first","11":"instock","12":"taxable","13":"shipping-taxable","14":"product-type-variable"},"acf":[],"_links":{"self":[{"href":"https:\/\/grupotextil.es\/en\/wp-json\/wp\/v2\/product\/378725","targetHints":{"allow":["GET"]}}],"collection":[{"href":"https:\/\/grupotextil.es\/en\/wp-json\/wp\/v2\/product"}],"about":[{"href":"https:\/\/grupotextil.es\/en\/wp-json\/wp\/v2\/types\/product"}],"replies":[{"embeddable":true,"href":"https:\/\/grupotextil.es\/en\/wp-json\/wp\/v2\/comments?post=378725"}],"wp:featuredmedia":[{"embeddable":true,"href":"https:\/\/grupotextil.es\/en\/wp-json\/wp\/v2\/media\/417499"}],"wp:attachment":[{"href":"https:\/\/grupotextil.es\/en\/wp-json\/wp\/v2\/media?parent=378725"}],"wp:term":[{"taxonomy":"product_brand","embeddable":true,"href":"https:\/\/grupotextil.es\/en\/wp-json\/wp\/v2\/product_brand?post=378725"},{"taxonomy":"product_cat","embeddable":true,"href":"https:\/\/grupotextil.es\/en\/wp-json\/wp\/v2\/product_cat?post=378725"},{"taxonomy":"product_tag","embeddable":true,"href":"https:\/\/grupotextil.es\/en\/wp-json\/wp\/v2\/product_tag?post=378725"}],"curies":[{"name":"wp","href":"https:\/\/api.w.org\/{rel}","templated":true}]}}