{"id":378747,"date":"2026-03-08T03:20:20","date_gmt":"2026-03-08T02:20:20","guid":{"rendered":"https:\/\/grupotextil.es\/producto\/gorro-sherpa-thinsulate\/"},"modified":"2026-03-08T03:20:20","modified_gmt":"2026-03-08T02:20:20","slug":"gorro-sherpa-thinsulate","status":"publish","type":"product","link":"https:\/\/grupotextil.es\/en\/product\/gorro-sherpa-thinsulate\/","title":{"rendered":"Beanie Sherpa Thinsulate"},"content":{"rendered":"<ul>\n<li>240 g\/m\u00b2<\/li>\n<li>Exterior: 100% poli\u00e9ster<\/li>\n<li>Interior: 65% poliestireno, 35% poli\u00e9ster (3M Thinsulate\u2122)<\/li>\n<li>Forro: 100% poli\u00e9ster (imitaci\u00f3n a lana)<\/li>\n<li>Acabado resistente a la formaci\u00f3n de bolitas<\/li>\n<li>Transpirable<\/li>\n<li>Forro de un solo color<\/li>\n<li>Etiqueta 3M Thinsulate\u2122 insulation cosida en la costura<\/li>\n<li>Cierre ajustable<\/li>\n<li>Apropiado para bordar y para impresi\u00f3n por transfer<\/li>\n<\/ul>","protected":false},"excerpt":{"rendered":"<p>240 g\/m\u00b2Exterior: 100% poli\u00e9sterInterior: 65% poliestireno, 35% poli\u00e9ster (3M Thinsulate\u2122)Forro: 100% poli\u00e9ster (imitaci\u00f3n a lana)Acabado resistente a la formaci\u00f3n de bolitasTranspirableForro de un so<\/p>","protected":false},"featured_media":417590,"comment_status":"open","ping_status":"closed","template":"","meta":{"_acf_changed":false},"product_brand":[11669],"product_cat":[13948],"product_tag":[],"class_list":{"0":"post-378747","1":"product","2":"type-product","3":"status-publish","4":"has-post-thumbnail","6":"product_brand-result","7":"product_cat-accesorios","8":"tm-no-options","10":"first","11":"instock","12":"taxable","13":"shipping-taxable","14":"product-type-variable"},"acf":[],"_links":{"self":[{"href":"https:\/\/grupotextil.es\/en\/wp-json\/wp\/v2\/product\/378747","targetHints":{"allow":["GET"]}}],"collection":[{"href":"https:\/\/grupotextil.es\/en\/wp-json\/wp\/v2\/product"}],"about":[{"href":"https:\/\/grupotextil.es\/en\/wp-json\/wp\/v2\/types\/product"}],"replies":[{"embeddable":true,"href":"https:\/\/grupotextil.es\/en\/wp-json\/wp\/v2\/comments?post=378747"}],"wp:featuredmedia":[{"embeddable":true,"href":"https:\/\/grupotextil.es\/en\/wp-json\/wp\/v2\/media\/417590"}],"wp:attachment":[{"href":"https:\/\/grupotextil.es\/en\/wp-json\/wp\/v2\/media?parent=378747"}],"wp:term":[{"taxonomy":"product_brand","embeddable":true,"href":"https:\/\/grupotextil.es\/en\/wp-json\/wp\/v2\/product_brand?post=378747"},{"taxonomy":"product_cat","embeddable":true,"href":"https:\/\/grupotextil.es\/en\/wp-json\/wp\/v2\/product_cat?post=378747"},{"taxonomy":"product_tag","embeddable":true,"href":"https:\/\/grupotextil.es\/en\/wp-json\/wp\/v2\/product_tag?post=378747"}],"curies":[{"name":"wp","href":"https:\/\/api.w.org\/{rel}","templated":true}]}}