{"id":378762,"date":"2026-03-08T03:20:21","date_gmt":"2026-03-08T02:20:21","guid":{"rendered":"https:\/\/grupotextil.es\/producto\/gorra-de-6-paneles-con-ciierre-metalico-curvado\/"},"modified":"2026-03-08T03:20:21","modified_gmt":"2026-03-08T02:20:21","slug":"gorra-de-6-paneles-con-ciierre-metalico-curvado","status":"publish","type":"product","link":"https:\/\/grupotextil.es\/en\/product\/gorra-de-6-paneles-con-ciierre-metalico-curvado\/","title":{"rendered":"Cap de 6 Panel con ciierre met\u00e1lico curvado"},"content":{"rendered":"<ul>\n<li>100% Algod\u00f3n<\/li>\n<li>6 paneles<\/li>\n<li>Tejido bucaram r\u00edgido<\/li>\n<li>Visera con 8 filas de pespuntes<\/li>\n<li>Visera inferior en color a juego<\/li>\n<li>Visera permacurva patentada<\/li>\n<li>Ajuste de tama\u00f1o del mismo tejido con hebilla met\u00e1lica<\/li>\n<\/ul>","protected":false},"excerpt":{"rendered":"<p>100% Algod\u00f3n6 panelesTejido bucaram r\u00edgidoVisera con 8 filas de pespuntesVisera inferior en color a juegoVisera permacurva patentadaAjuste de tama\u00f1o del mismo tejido con hebilla met\u00e1lica<\/p>","protected":false},"featured_media":417608,"comment_status":"open","ping_status":"closed","template":"","meta":{"_acf_changed":false},"product_brand":[11678],"product_cat":[13948],"product_tag":[],"class_list":{"0":"post-378762","1":"product","2":"type-product","3":"status-publish","4":"has-post-thumbnail","6":"product_brand-flexfit","7":"product_cat-accesorios","8":"tm-no-options","10":"first","11":"instock","12":"taxable","13":"shipping-taxable","14":"product-type-variable"},"acf":[],"_links":{"self":[{"href":"https:\/\/grupotextil.es\/en\/wp-json\/wp\/v2\/product\/378762","targetHints":{"allow":["GET"]}}],"collection":[{"href":"https:\/\/grupotextil.es\/en\/wp-json\/wp\/v2\/product"}],"about":[{"href":"https:\/\/grupotextil.es\/en\/wp-json\/wp\/v2\/types\/product"}],"replies":[{"embeddable":true,"href":"https:\/\/grupotextil.es\/en\/wp-json\/wp\/v2\/comments?post=378762"}],"wp:featuredmedia":[{"embeddable":true,"href":"https:\/\/grupotextil.es\/en\/wp-json\/wp\/v2\/media\/417608"}],"wp:attachment":[{"href":"https:\/\/grupotextil.es\/en\/wp-json\/wp\/v2\/media?parent=378762"}],"wp:term":[{"taxonomy":"product_brand","embeddable":true,"href":"https:\/\/grupotextil.es\/en\/wp-json\/wp\/v2\/product_brand?post=378762"},{"taxonomy":"product_cat","embeddable":true,"href":"https:\/\/grupotextil.es\/en\/wp-json\/wp\/v2\/product_cat?post=378762"},{"taxonomy":"product_tag","embeddable":true,"href":"https:\/\/grupotextil.es\/en\/wp-json\/wp\/v2\/product_tag?post=378762"}],"curies":[{"name":"wp","href":"https:\/\/api.w.org\/{rel}","templated":true}]}}