{"id":378802,"date":"2026-03-08T03:20:23","date_gmt":"2026-03-08T02:20:23","guid":{"rendered":"https:\/\/grupotextil.es\/producto\/gorra-110-de-malla\/"},"modified":"2026-03-08T03:20:23","modified_gmt":"2026-03-08T02:20:23","slug":"gorra-110-de-malla","status":"publish","type":"product","link":"https:\/\/grupotextil.es\/en\/product\/gorra-110-de-malla\/","title":{"rendered":"Cap 110 Mesh"},"content":{"rendered":"<ul>\n<li>100% Algod\u00f3n<\/li>\n<li>Paneles de malla: 100% Poli\u00e9ster<\/li>\n<li>6 paneles<\/li>\n<li>Tejido bucaram r\u00edgido<\/li>\n<li>Visera con 8 filas de pespuntes<\/li>\n<li>Visera inferior en color de contraste (blanco)<\/li>\n<li>Pico de permacurva patentado<\/li>\n<li>Cierre ajustable snapback<\/li>\n<\/ul>","protected":false},"excerpt":{"rendered":"<p>100% Algod\u00f3nPaneles de malla: 100% Poli\u00e9ster6 panelesTejido bucaram r\u00edgidoVisera con 8 filas de pespuntesVisera inferior en color de contraste (blanco)Pico de permacurva patentadoCierre ajustable snap<\/p>","protected":false},"featured_media":417681,"comment_status":"open","ping_status":"closed","template":"","meta":{"_acf_changed":false},"product_brand":[11678],"product_cat":[13948,13950],"product_tag":[],"class_list":{"0":"post-378802","1":"product","2":"type-product","3":"status-publish","4":"has-post-thumbnail","6":"product_brand-flexfit","7":"product_cat-accesorios","8":"product_cat-gorros-y-beanies","9":"tm-no-options","11":"first","12":"instock","13":"taxable","14":"shipping-taxable","15":"product-type-variable"},"acf":[],"_links":{"self":[{"href":"https:\/\/grupotextil.es\/en\/wp-json\/wp\/v2\/product\/378802","targetHints":{"allow":["GET"]}}],"collection":[{"href":"https:\/\/grupotextil.es\/en\/wp-json\/wp\/v2\/product"}],"about":[{"href":"https:\/\/grupotextil.es\/en\/wp-json\/wp\/v2\/types\/product"}],"replies":[{"embeddable":true,"href":"https:\/\/grupotextil.es\/en\/wp-json\/wp\/v2\/comments?post=378802"}],"wp:featuredmedia":[{"embeddable":true,"href":"https:\/\/grupotextil.es\/en\/wp-json\/wp\/v2\/media\/417681"}],"wp:attachment":[{"href":"https:\/\/grupotextil.es\/en\/wp-json\/wp\/v2\/media?parent=378802"}],"wp:term":[{"taxonomy":"product_brand","embeddable":true,"href":"https:\/\/grupotextil.es\/en\/wp-json\/wp\/v2\/product_brand?post=378802"},{"taxonomy":"product_cat","embeddable":true,"href":"https:\/\/grupotextil.es\/en\/wp-json\/wp\/v2\/product_cat?post=378802"},{"taxonomy":"product_tag","embeddable":true,"href":"https:\/\/grupotextil.es\/en\/wp-json\/wp\/v2\/product_tag?post=378802"}],"curies":[{"name":"wp","href":"https:\/\/api.w.org\/{rel}","templated":true}]}}