{"id":378822,"date":"2026-03-08T03:20:25","date_gmt":"2026-03-08T02:20:25","guid":{"rendered":"https:\/\/grupotextil.es\/producto\/gorro-plano-gatsby\/"},"modified":"2026-03-08T03:20:25","modified_gmt":"2026-03-08T02:20:25","slug":"gorro-plano-gatsby","status":"publish","type":"product","link":"https:\/\/grupotextil.es\/en\/product\/gorro-plano-gatsby\/","title":{"rendered":"Beanie plano Gatsby"},"content":{"rendered":"<ul>\n<li>100% algod\u00f3n<\/li>\n<li>Ligero y c\u00f3modo<\/li>\n<li>Forro de algod\u00f3n<\/li>\n<li>Etiqueta extra\u00edble para f\u00e1cil re-etiquetado<\/li>\n<li>Cierre trasero ajustable con efecto plata<\/li>\n<\/ul>","protected":false},"excerpt":{"rendered":"<p>100% algod\u00f3nLigero y c\u00f3modoForro de algod\u00f3nEtiqueta extra\u00edble para f\u00e1cil re-etiquetadoCierre trasero ajustable con efecto plata<\/p>","protected":false},"featured_media":417711,"comment_status":"open","ping_status":"closed","template":"","meta":{"_acf_changed":false},"product_brand":[11655],"product_cat":[13948,13950],"product_tag":[],"class_list":{"0":"post-378822","1":"product","2":"type-product","3":"status-publish","4":"has-post-thumbnail","6":"product_brand-beechfield","7":"product_cat-accesorios","8":"product_cat-gorros-y-beanies","9":"tm-no-options","11":"first","12":"instock","13":"taxable","14":"shipping-taxable","15":"product-type-variable"},"acf":[],"_links":{"self":[{"href":"https:\/\/grupotextil.es\/en\/wp-json\/wp\/v2\/product\/378822","targetHints":{"allow":["GET"]}}],"collection":[{"href":"https:\/\/grupotextil.es\/en\/wp-json\/wp\/v2\/product"}],"about":[{"href":"https:\/\/grupotextil.es\/en\/wp-json\/wp\/v2\/types\/product"}],"replies":[{"embeddable":true,"href":"https:\/\/grupotextil.es\/en\/wp-json\/wp\/v2\/comments?post=378822"}],"wp:featuredmedia":[{"embeddable":true,"href":"https:\/\/grupotextil.es\/en\/wp-json\/wp\/v2\/media\/417711"}],"wp:attachment":[{"href":"https:\/\/grupotextil.es\/en\/wp-json\/wp\/v2\/media?parent=378822"}],"wp:term":[{"taxonomy":"product_brand","embeddable":true,"href":"https:\/\/grupotextil.es\/en\/wp-json\/wp\/v2\/product_brand?post=378822"},{"taxonomy":"product_cat","embeddable":true,"href":"https:\/\/grupotextil.es\/en\/wp-json\/wp\/v2\/product_cat?post=378822"},{"taxonomy":"product_tag","embeddable":true,"href":"https:\/\/grupotextil.es\/en\/wp-json\/wp\/v2\/product_tag?post=378822"}],"curies":[{"name":"wp","href":"https:\/\/api.w.org\/{rel}","templated":true}]}}