{"id":378838,"date":"2026-03-08T03:20:26","date_gmt":"2026-03-08T02:20:26","guid":{"rendered":"https:\/\/grupotextil.es\/producto\/guantes-softshell-thermal\/"},"modified":"2026-03-08T03:20:26","modified_gmt":"2026-03-08T02:20:26","slug":"guantes-softshell-thermal","status":"publish","type":"product","link":"https:\/\/grupotextil.es\/en\/product\/guantes-softshell-thermal\/","title":{"rendered":"Glove Softshell Thermal"},"content":{"rendered":"<ul>\n<li>320 g\/m\u00b2<\/li>\n<li>Exterior: 100% poli\u00e9ster<\/li>\n<li>Capa intermedia: Resistente al agua TPU, transpirable y membrana resistente al viento<\/li>\n<li>Interior: 100% poli\u00e9ster (micropolar resistente a la formaci\u00f3n de bolitas)<\/li>\n<li>Muy c\u00e1lidos y ligeros, ajuste c\u00f3modo<\/li>\n<li>Resistentes al viento y repelen el agua<\/li>\n<li>Transpirables (1.000 g\/m\u00b2)<\/li>\n<li>Refuerzo con adherencia en la palma<\/li>\n<li>Mu\u00f1eca el\u00e1stica<\/li>\n<li>Apropiados para bordar<\/li>\n<\/ul>","protected":false},"excerpt":{"rendered":"<p>320 g\/m\u00b2Exterior: 100% poli\u00e9sterCapa intermedia: Resistente al agua TPU, transpirable y membrana resistente al vientoInterior: 100% poli\u00e9ster (micropolar resistente a la formaci\u00f3n de bolitas)Muy c\u00e1&#8230;<\/p>","protected":false},"featured_media":417754,"comment_status":"open","ping_status":"closed","template":"","meta":{"_acf_changed":false},"product_brand":[11669],"product_cat":[13948,13950],"product_tag":[],"class_list":{"0":"post-378838","1":"product","2":"type-product","3":"status-publish","4":"has-post-thumbnail","6":"product_brand-result","7":"product_cat-accesorios","8":"product_cat-gorros-y-beanies","9":"tm-no-options","11":"first","12":"instock","13":"taxable","14":"shipping-taxable","15":"product-type-variable"},"acf":[],"_links":{"self":[{"href":"https:\/\/grupotextil.es\/en\/wp-json\/wp\/v2\/product\/378838","targetHints":{"allow":["GET"]}}],"collection":[{"href":"https:\/\/grupotextil.es\/en\/wp-json\/wp\/v2\/product"}],"about":[{"href":"https:\/\/grupotextil.es\/en\/wp-json\/wp\/v2\/types\/product"}],"replies":[{"embeddable":true,"href":"https:\/\/grupotextil.es\/en\/wp-json\/wp\/v2\/comments?post=378838"}],"wp:featuredmedia":[{"embeddable":true,"href":"https:\/\/grupotextil.es\/en\/wp-json\/wp\/v2\/media\/417754"}],"wp:attachment":[{"href":"https:\/\/grupotextil.es\/en\/wp-json\/wp\/v2\/media?parent=378838"}],"wp:term":[{"taxonomy":"product_brand","embeddable":true,"href":"https:\/\/grupotextil.es\/en\/wp-json\/wp\/v2\/product_brand?post=378838"},{"taxonomy":"product_cat","embeddable":true,"href":"https:\/\/grupotextil.es\/en\/wp-json\/wp\/v2\/product_cat?post=378838"},{"taxonomy":"product_tag","embeddable":true,"href":"https:\/\/grupotextil.es\/en\/wp-json\/wp\/v2\/product_tag?post=378838"}],"curies":[{"name":"wp","href":"https:\/\/api.w.org\/{rel}","templated":true}]}}