{"id":378851,"date":"2026-03-08T03:20:27","date_gmt":"2026-03-08T02:20:27","guid":{"rendered":"https:\/\/grupotextil.es\/producto\/guantes-con-patron-thinsulate\/"},"modified":"2026-03-08T03:20:27","modified_gmt":"2026-03-08T02:20:27","slug":"guantes-con-patron-thinsulate","status":"publish","type":"product","link":"https:\/\/grupotextil.es\/en\/product\/guantes-con-patron-thinsulate\/","title":{"rendered":"Glove con patr\u00f3n Thinsulate"},"content":{"rendered":"<ul>\n<li>Exterior: 100% acr\u00edlico<\/li>\n<li>Interior: 65% poliestireno, 35% poli\u00e9ster (3M Thinsulate\u2122)<\/li>\n<li>Forro: 100% poli\u00e9ster (relleno peinado)<\/li>\n<li>Punto fino 6<\/li>\n<li>Muy c\u00e1lidos y ligeros , ajuste c\u00f3modo<\/li>\n<li>Transpirables<\/li>\n<li>Resistentes al viento<\/li>\n<li>Etiqueta 3M Thinsulate\u2122 cosida al pu\u00f1o de punto<\/li>\n<li>Combina con R350X (350.33) y R356X (356.33)<\/li>\n<li>Apropiados para bordar<\/li>\n<\/ul>","protected":false},"excerpt":{"rendered":"<p>Exterior: 100% acr\u00edlicoInterior: 65% poliestireno, 35% poli\u00e9ster (3M Thinsulate\u2122)Forro: 100% poli\u00e9ster (relleno peinado)Punto fino 6Muy c\u00e1lidos y ligeros , ajuste c\u00f3modoTranspirablesResistentes al &#8230;<\/p>","protected":false},"featured_media":417785,"comment_status":"open","ping_status":"closed","template":"","meta":{"_acf_changed":false},"product_brand":[11669],"product_cat":[13948,13950],"product_tag":[],"class_list":{"0":"post-378851","1":"product","2":"type-product","3":"status-publish","4":"has-post-thumbnail","6":"product_brand-result","7":"product_cat-accesorios","8":"product_cat-gorros-y-beanies","9":"tm-no-options","11":"first","12":"instock","13":"taxable","14":"shipping-taxable","15":"product-type-variable"},"acf":[],"_links":{"self":[{"href":"https:\/\/grupotextil.es\/en\/wp-json\/wp\/v2\/product\/378851","targetHints":{"allow":["GET"]}}],"collection":[{"href":"https:\/\/grupotextil.es\/en\/wp-json\/wp\/v2\/product"}],"about":[{"href":"https:\/\/grupotextil.es\/en\/wp-json\/wp\/v2\/types\/product"}],"replies":[{"embeddable":true,"href":"https:\/\/grupotextil.es\/en\/wp-json\/wp\/v2\/comments?post=378851"}],"wp:featuredmedia":[{"embeddable":true,"href":"https:\/\/grupotextil.es\/en\/wp-json\/wp\/v2\/media\/417785"}],"wp:attachment":[{"href":"https:\/\/grupotextil.es\/en\/wp-json\/wp\/v2\/media?parent=378851"}],"wp:term":[{"taxonomy":"product_brand","embeddable":true,"href":"https:\/\/grupotextil.es\/en\/wp-json\/wp\/v2\/product_brand?post=378851"},{"taxonomy":"product_cat","embeddable":true,"href":"https:\/\/grupotextil.es\/en\/wp-json\/wp\/v2\/product_cat?post=378851"},{"taxonomy":"product_tag","embeddable":true,"href":"https:\/\/grupotextil.es\/en\/wp-json\/wp\/v2\/product_tag?post=378851"}],"curies":[{"name":"wp","href":"https:\/\/api.w.org\/{rel}","templated":true}]}}