{"id":378972,"date":"2026-03-08T03:20:40","date_gmt":"2026-03-08T02:20:40","guid":{"rendered":"https:\/\/grupotextil.es\/producto\/gorra-gatsby\/"},"modified":"2026-03-08T03:20:40","modified_gmt":"2026-03-08T02:20:40","slug":"gorra-gatsby","status":"publish","type":"product","link":"https:\/\/grupotextil.es\/en\/product\/gorra-gatsby\/","title":{"rendered":"Cap Gatsby"},"content":{"rendered":"<ul>\n<li>100% algod\u00f3n en espiguilla<\/li>\n<li>Estilo Gatsby franc\u00e9s<\/li>\n<li>Ajuste el\u00e1stico<\/li>\n<li>Apropiada para bordar<\/li>\n<\/ul>","protected":false},"excerpt":{"rendered":"<p>100% algod\u00f3n en espiguillaEstilo Gatsby franc\u00e9sAjuste el\u00e1sticoApropiada para bordar<\/p>","protected":false},"featured_media":418133,"comment_status":"open","ping_status":"closed","template":"","meta":{"_acf_changed":false},"product_brand":[11659],"product_cat":[13948,13950],"product_tag":[],"class_list":{"0":"post-378972","1":"product","2":"type-product","3":"status-publish","4":"has-post-thumbnail","6":"product_brand-result-caps","7":"product_cat-accesorios","8":"product_cat-gorros-y-beanies","9":"tm-no-options","11":"first","12":"instock","13":"taxable","14":"shipping-taxable","15":"product-type-variable"},"acf":[],"_links":{"self":[{"href":"https:\/\/grupotextil.es\/en\/wp-json\/wp\/v2\/product\/378972","targetHints":{"allow":["GET"]}}],"collection":[{"href":"https:\/\/grupotextil.es\/en\/wp-json\/wp\/v2\/product"}],"about":[{"href":"https:\/\/grupotextil.es\/en\/wp-json\/wp\/v2\/types\/product"}],"replies":[{"embeddable":true,"href":"https:\/\/grupotextil.es\/en\/wp-json\/wp\/v2\/comments?post=378972"}],"wp:featuredmedia":[{"embeddable":true,"href":"https:\/\/grupotextil.es\/en\/wp-json\/wp\/v2\/media\/418133"}],"wp:attachment":[{"href":"https:\/\/grupotextil.es\/en\/wp-json\/wp\/v2\/media?parent=378972"}],"wp:term":[{"taxonomy":"product_brand","embeddable":true,"href":"https:\/\/grupotextil.es\/en\/wp-json\/wp\/v2\/product_brand?post=378972"},{"taxonomy":"product_cat","embeddable":true,"href":"https:\/\/grupotextil.es\/en\/wp-json\/wp\/v2\/product_cat?post=378972"},{"taxonomy":"product_tag","embeddable":true,"href":"https:\/\/grupotextil.es\/en\/wp-json\/wp\/v2\/product_tag?post=378972"}],"curies":[{"name":"wp","href":"https:\/\/api.w.org\/{rel}","templated":true}]}}