{"id":379303,"date":"2026-03-08T03:21:48","date_gmt":"2026-03-08T02:21:48","guid":{"rendered":"https:\/\/grupotextil.es\/producto\/light-college-jacket\/"},"modified":"2026-03-08T03:21:48","modified_gmt":"2026-03-08T02:21:48","slug":"light-college-jacket","status":"publish","type":"product","link":"https:\/\/grupotextil.es\/en\/product\/light-college-jacket\/","title":{"rendered":"Light College Jacket"},"content":{"rendered":"<ul>\n<li>60 g\/m\u00b2<\/li>\n<li>100% poli\u00e9ster<\/li>\n<li>Cuello alto a rayas<\/li>\n<li>Hombros ca\u00eddos<\/li>\n<li>Tapeta con botones a presi\u00f3n<\/li>\n<li>Pu\u00f1os el\u00e1sticos en mangas y dobladillo.<\/li>\n<li>Decoraci\u00f3n con serigraf\u00eda o flexograf\u00eda.<\/li>\n<\/ul>","protected":false},"excerpt":{"rendered":"<p>60 g\/m\u00b2100% poli\u00e9sterCuello alto a rayasHombros ca\u00eddosTapeta con botones a presi\u00f3nPu\u00f1os el\u00e1sticos en mangas y dobladillo.<\/p>","protected":false},"featured_media":418580,"comment_status":"open","ping_status":"closed","template":"","meta":{"_acf_changed":false},"product_brand":[11675],"product_cat":[13981,13990,13974,13975,13973],"product_tag":[],"class_list":{"0":"post-379303","1":"product","2":"type-product","3":"status-publish","4":"has-post-thumbnail","6":"product_brand-build-your-brand","7":"product_cat-h-chaquetas-y-abrigos","8":"product_cat-m-chaquetas-y-abrigos","9":"product_cat-ropa-hombre","10":"product_cat-ropa-mujer","11":"product_cat-ropa","12":"tm-no-options","14":"first","15":"instock","16":"taxable","17":"shipping-taxable","18":"product-type-variable"},"acf":[],"_links":{"self":[{"href":"https:\/\/grupotextil.es\/en\/wp-json\/wp\/v2\/product\/379303","targetHints":{"allow":["GET"]}}],"collection":[{"href":"https:\/\/grupotextil.es\/en\/wp-json\/wp\/v2\/product"}],"about":[{"href":"https:\/\/grupotextil.es\/en\/wp-json\/wp\/v2\/types\/product"}],"replies":[{"embeddable":true,"href":"https:\/\/grupotextil.es\/en\/wp-json\/wp\/v2\/comments?post=379303"}],"wp:featuredmedia":[{"embeddable":true,"href":"https:\/\/grupotextil.es\/en\/wp-json\/wp\/v2\/media\/418580"}],"wp:attachment":[{"href":"https:\/\/grupotextil.es\/en\/wp-json\/wp\/v2\/media?parent=379303"}],"wp:term":[{"taxonomy":"product_brand","embeddable":true,"href":"https:\/\/grupotextil.es\/en\/wp-json\/wp\/v2\/product_brand?post=379303"},{"taxonomy":"product_cat","embeddable":true,"href":"https:\/\/grupotextil.es\/en\/wp-json\/wp\/v2\/product_cat?post=379303"},{"taxonomy":"product_tag","embeddable":true,"href":"https:\/\/grupotextil.es\/en\/wp-json\/wp\/v2\/product_tag?post=379303"}],"curies":[{"name":"wp","href":"https:\/\/api.w.org\/{rel}","templated":true}]}}