{"id":379458,"date":"2026-03-08T03:23:18","date_gmt":"2026-03-08T02:23:18","guid":{"rendered":"https:\/\/grupotextil.es\/producto\/chaqueta-cortaviento-midseason-id-601-hombre\/"},"modified":"2026-03-08T03:23:18","modified_gmt":"2026-03-08T02:23:18","slug":"chaqueta-cortaviento-midseason-id-601-hombre","status":"publish","type":"product","link":"https:\/\/grupotextil.es\/en\/product\/chaqueta-cortaviento-midseason-id-601-hombre\/","title":{"rendered":"Chaqueta cortaviento Midseason ID.601 hombre"},"content":{"rendered":"<ul>\n<li>Exterior: 100% poli\u00e9ster (210Ttaffeta) con capa acr\u00edlica<\/li>\n<li>Forro: 100% poli\u00e9ster (busto: tricot, mangas: taffeta)<\/li>\n<li>Resistente al viento y al agua<\/li>\n<li>Capucha oculta en cuello con sistema autocierre de gancho<\/li>\n<li>Interior del cuello del mismo tejido<\/li>\n<li>Cremallera entera con tirador<\/li>\n<li>Costura delantera en los hombros para mejor protecci\u00f3n<\/li>\n<li>2 bolsillos frontales, 1 bolsillo interior<\/li>\n<li>Pu\u00f1os el\u00e1sticos<\/li>\n<li>Dobladillo inferior ajustable con cord\u00f3n el\u00e1stico<\/li>\n<li>Apertura en la parte trasera para personalizaci\u00f3n<\/li>\n<li>Corte normal<\/li>\n<\/ul>","protected":false},"excerpt":{"rendered":"<p>Exterior: 100% poli\u00e9ster (210Ttaffeta) con capa acr\u00edlicaForro: 100% poli\u00e9ster (busto: tricot, mangas: taffeta)Resistente al viento y al aguaCapucha oculta en cuello con sistema autocierre de ganchoInt<\/p>","protected":false},"featured_media":418686,"comment_status":"open","ping_status":"closed","template":"","meta":{"_acf_changed":false},"product_brand":[11653],"product_cat":[13990,13981,13974,13975,13973],"product_tag":[14009],"class_list":{"0":"post-379458","1":"product","2":"type-product","3":"status-publish","4":"has-post-thumbnail","6":"product_brand-b-c","7":"product_cat-m-chaquetas-y-abrigos","8":"product_cat-h-chaquetas-y-abrigos","9":"product_cat-ropa-hombre","10":"product_cat-ropa-mujer","11":"product_cat-ropa","12":"product_tag-top-ventas","13":"tm-no-options","15":"first","16":"instock","17":"taxable","18":"shipping-taxable","19":"product-type-variable"},"acf":[],"_links":{"self":[{"href":"https:\/\/grupotextil.es\/en\/wp-json\/wp\/v2\/product\/379458","targetHints":{"allow":["GET"]}}],"collection":[{"href":"https:\/\/grupotextil.es\/en\/wp-json\/wp\/v2\/product"}],"about":[{"href":"https:\/\/grupotextil.es\/en\/wp-json\/wp\/v2\/types\/product"}],"replies":[{"embeddable":true,"href":"https:\/\/grupotextil.es\/en\/wp-json\/wp\/v2\/comments?post=379458"}],"wp:featuredmedia":[{"embeddable":true,"href":"https:\/\/grupotextil.es\/en\/wp-json\/wp\/v2\/media\/418686"}],"wp:attachment":[{"href":"https:\/\/grupotextil.es\/en\/wp-json\/wp\/v2\/media?parent=379458"}],"wp:term":[{"taxonomy":"product_brand","embeddable":true,"href":"https:\/\/grupotextil.es\/en\/wp-json\/wp\/v2\/product_brand?post=379458"},{"taxonomy":"product_cat","embeddable":true,"href":"https:\/\/grupotextil.es\/en\/wp-json\/wp\/v2\/product_cat?post=379458"},{"taxonomy":"product_tag","embeddable":true,"href":"https:\/\/grupotextil.es\/en\/wp-json\/wp\/v2\/product_tag?post=379458"}],"curies":[{"name":"wp","href":"https:\/\/api.w.org\/{rel}","templated":true}]}}