{"id":380420,"date":"2026-03-08T03:25:54","date_gmt":"2026-03-08T02:25:54","guid":{"rendered":"https:\/\/grupotextil.es\/producto\/chaqueta-crossover-hombre\/"},"modified":"2026-03-08T03:25:54","modified_gmt":"2026-03-08T02:25:54","slug":"chaqueta-crossover-hombre","status":"publish","type":"product","link":"https:\/\/grupotextil.es\/en\/product\/chaqueta-crossover-hombre\/","title":{"rendered":"Chaqueta Crossover hombre"},"content":{"rendered":"<ul>\n<li>65 g\/m\u00b2<\/li>\n<li>Forro: 100% poli\u00e9ster (300T)<\/li>\n<li>Softshell: 95% poli\u00e9ster, 5% elastano<\/li>\n<li>Repele el agua y transpirable<\/li>\n<li>Cremallera entera<\/li>\n<li>2 grandes bolsillos delanteros, bolsillo interior<\/li>\n<li>Pu\u00f1os el\u00e1sticos<\/li>\n<li>Ideal para bordar.<\/li>\n<\/ul>","protected":false},"excerpt":{"rendered":"<p>65 g\/m\u00b2Forro: 100% poli\u00e9ster (300T)Softshell: 95% poli\u00e9ster, 5% elastanoRepele el agua y transpirableCremallera entera2 grandes bolsillos delanteros, bolsillo interiorPu\u00f1os el\u00e1sticosIdeal para bordar.<\/p>","protected":false},"featured_media":419270,"comment_status":"open","ping_status":"closed","template":"","meta":{"_acf_changed":false},"product_brand":[11671],"product_cat":[13991,13981,13990,13974,13930,13975,13973],"product_tag":[14009],"class_list":{"0":"post-380420","1":"product","2":"type-product","3":"status-publish","4":"has-post-thumbnail","6":"product_brand-tee-jays","7":"product_cat-m-chalecos","8":"product_cat-h-chaquetas-y-abrigos","9":"product_cat-m-chaquetas-y-abrigos","10":"product_cat-ropa-hombre","11":"product_cat-laboral","12":"product_cat-ropa-mujer","13":"product_cat-ropa","14":"product_tag-top-ventas","15":"tm-no-options","17":"first","18":"instock","19":"taxable","20":"shipping-taxable","21":"product-type-variable"},"acf":[],"_links":{"self":[{"href":"https:\/\/grupotextil.es\/en\/wp-json\/wp\/v2\/product\/380420","targetHints":{"allow":["GET"]}}],"collection":[{"href":"https:\/\/grupotextil.es\/en\/wp-json\/wp\/v2\/product"}],"about":[{"href":"https:\/\/grupotextil.es\/en\/wp-json\/wp\/v2\/types\/product"}],"replies":[{"embeddable":true,"href":"https:\/\/grupotextil.es\/en\/wp-json\/wp\/v2\/comments?post=380420"}],"wp:featuredmedia":[{"embeddable":true,"href":"https:\/\/grupotextil.es\/en\/wp-json\/wp\/v2\/media\/419270"}],"wp:attachment":[{"href":"https:\/\/grupotextil.es\/en\/wp-json\/wp\/v2\/media?parent=380420"}],"wp:term":[{"taxonomy":"product_brand","embeddable":true,"href":"https:\/\/grupotextil.es\/en\/wp-json\/wp\/v2\/product_brand?post=380420"},{"taxonomy":"product_cat","embeddable":true,"href":"https:\/\/grupotextil.es\/en\/wp-json\/wp\/v2\/product_cat?post=380420"},{"taxonomy":"product_tag","embeddable":true,"href":"https:\/\/grupotextil.es\/en\/wp-json\/wp\/v2\/product_tag?post=380420"}],"curies":[{"name":"wp","href":"https:\/\/api.w.org\/{rel}","templated":true}]}}