{"id":380928,"date":"2026-03-08T03:26:26","date_gmt":"2026-03-08T02:26:26","guid":{"rendered":"https:\/\/grupotextil.es\/producto\/chaqueta-softshell-hi-vis\/"},"modified":"2026-03-08T03:26:26","modified_gmt":"2026-03-08T02:26:26","slug":"chaqueta-softshell-hi-vis","status":"publish","type":"product","link":"https:\/\/grupotextil.es\/en\/product\/chaqueta-softshell-hi-vis\/","title":{"rendered":"Jacket Softshell Hi-Vis"},"content":{"rendered":"<ul>\n<li>345 g\/m\u00b2<\/li>\n<li>Exterior: 93% poli\u00e9ster, 7% elast\u00e1n<\/li>\n<li>Capa intermedia: membrana TPU<\/li>\n<li>Interior: 100% poli\u00e9ster (microforro)<\/li>\n<li>Forro: 100% poli\u00e9ster (taffeta),hasta la parte superior de la espalda<\/li>\n<li>EN ISO 20471:2013, class 2<\/li>\n<li>Resistente al viento y al agua (5.000 mm)<\/li>\n<li>Transpirable (3.000 g\/m\u00b2)<\/li>\n<li>Cremallera entera con solapa interior<\/li>\n<li>Canes\u00fa frontal decorativo<\/li>\n<li>Dos bolsillos laterales con cremallera, un bolsillo en el pecho con cremallera, dos bolsillos interiores grandes y un bolsillo interior para el m\u00f3vil<\/li>\n<li>Espalda m\u00e1s amplia con cinta el\u00e1stica ajustable en el bajo<\/li>\n<li>50 mm cosidos en las cintas de seguridad incorporando<\/li>\n<\/ul>","protected":false},"excerpt":{"rendered":"<p>345 g\/m\u00b2Exterior: 93% poli\u00e9ster, 7% elast\u00e1nCapa intermedia: membrana TPUInterior: 100% poli\u00e9ster (microforro)Forro: 100% poli\u00e9ster (taffeta),hasta la parte superior de la espaldaEN ISO 20471:2013, &#8230;<\/p>","protected":false},"featured_media":419585,"comment_status":"open","ping_status":"closed","template":"","meta":{"_acf_changed":false},"product_brand":[11669],"product_cat":[13991,13981,13990,13974,13930,13975,13973],"product_tag":[],"class_list":{"0":"post-380928","1":"product","2":"type-product","3":"status-publish","4":"has-post-thumbnail","6":"product_brand-result","7":"product_cat-m-chalecos","8":"product_cat-h-chaquetas-y-abrigos","9":"product_cat-m-chaquetas-y-abrigos","10":"product_cat-ropa-hombre","11":"product_cat-laboral","12":"product_cat-ropa-mujer","13":"product_cat-ropa","14":"tm-no-options","16":"first","17":"instock","18":"taxable","19":"shipping-taxable","20":"product-type-variable"},"acf":[],"_links":{"self":[{"href":"https:\/\/grupotextil.es\/en\/wp-json\/wp\/v2\/product\/380928","targetHints":{"allow":["GET"]}}],"collection":[{"href":"https:\/\/grupotextil.es\/en\/wp-json\/wp\/v2\/product"}],"about":[{"href":"https:\/\/grupotextil.es\/en\/wp-json\/wp\/v2\/types\/product"}],"replies":[{"embeddable":true,"href":"https:\/\/grupotextil.es\/en\/wp-json\/wp\/v2\/comments?post=380928"}],"wp:featuredmedia":[{"embeddable":true,"href":"https:\/\/grupotextil.es\/en\/wp-json\/wp\/v2\/media\/419585"}],"wp:attachment":[{"href":"https:\/\/grupotextil.es\/en\/wp-json\/wp\/v2\/media?parent=380928"}],"wp:term":[{"taxonomy":"product_brand","embeddable":true,"href":"https:\/\/grupotextil.es\/en\/wp-json\/wp\/v2\/product_brand?post=380928"},{"taxonomy":"product_cat","embeddable":true,"href":"https:\/\/grupotextil.es\/en\/wp-json\/wp\/v2\/product_cat?post=380928"},{"taxonomy":"product_tag","embeddable":true,"href":"https:\/\/grupotextil.es\/en\/wp-json\/wp\/v2\/product_tag?post=380928"}],"curies":[{"name":"wp","href":"https:\/\/api.w.org\/{rel}","templated":true}]}}