{"id":381016,"date":"2026-03-08T03:26:29","date_gmt":"2026-03-08T02:26:29","guid":{"rendered":"https:\/\/grupotextil.es\/producto\/chaleco-de-trabajo-expert-pro\/"},"modified":"2026-03-08T03:26:29","modified_gmt":"2026-03-08T02:26:29","slug":"chaleco-de-trabajo-expert-pro","status":"publish","type":"product","link":"https:\/\/grupotextil.es\/en\/product\/chaleco-de-trabajo-expert-pro\/","title":{"rendered":"Vest de trabajo Expert Pro"},"content":{"rendered":"<ul>\n<li>Exterior: 100% poli\u00e9ster ripstop<\/li>\n<li>Forro: 100% poli\u00e9ster<\/li>\n<li>Acolchado<\/li>\n<li>Cuello alto con forro polar<\/li>\n<li>Cremallera entera con solapa en el interior para protecci\u00f3n de viento<\/li>\n<li>Abertura en la manga el\u00e1stica<\/li>\n<li>Varios bolsillos exteriores e interiores<\/li>\n<li>Espalda redondeada y m\u00e1s larga<\/li>\n<li>Acceso a la decoraci\u00f3n por la parte posterior<\/li>\n<\/ul>","protected":false},"excerpt":{"rendered":"<p>Exterior: 100% poli\u00e9ster ripstopForro: 100% poli\u00e9sterAcolchadoCuello alto con forro polarCremallera entera con solapa en el interior para protecci\u00f3n de vientoAbertura en la manga el\u00e1sticaVarios bolsil<\/p>","protected":false},"featured_media":419622,"comment_status":"open","ping_status":"closed","template":"","meta":{"_acf_changed":false},"product_brand":[11653],"product_cat":[13991,13990,13981,13974,13930,13975,13973],"product_tag":[],"class_list":{"0":"post-381016","1":"product","2":"type-product","3":"status-publish","4":"has-post-thumbnail","6":"product_brand-b-c","7":"product_cat-m-chalecos","8":"product_cat-m-chaquetas-y-abrigos","9":"product_cat-h-chaquetas-y-abrigos","10":"product_cat-ropa-hombre","11":"product_cat-laboral","12":"product_cat-ropa-mujer","13":"product_cat-ropa","14":"tm-no-options","16":"first","17":"instock","18":"taxable","19":"shipping-taxable","20":"product-type-variable"},"acf":[],"_links":{"self":[{"href":"https:\/\/grupotextil.es\/en\/wp-json\/wp\/v2\/product\/381016","targetHints":{"allow":["GET"]}}],"collection":[{"href":"https:\/\/grupotextil.es\/en\/wp-json\/wp\/v2\/product"}],"about":[{"href":"https:\/\/grupotextil.es\/en\/wp-json\/wp\/v2\/types\/product"}],"replies":[{"embeddable":true,"href":"https:\/\/grupotextil.es\/en\/wp-json\/wp\/v2\/comments?post=381016"}],"wp:featuredmedia":[{"embeddable":true,"href":"https:\/\/grupotextil.es\/en\/wp-json\/wp\/v2\/media\/419622"}],"wp:attachment":[{"href":"https:\/\/grupotextil.es\/en\/wp-json\/wp\/v2\/media?parent=381016"}],"wp:term":[{"taxonomy":"product_brand","embeddable":true,"href":"https:\/\/grupotextil.es\/en\/wp-json\/wp\/v2\/product_brand?post=381016"},{"taxonomy":"product_cat","embeddable":true,"href":"https:\/\/grupotextil.es\/en\/wp-json\/wp\/v2\/product_cat?post=381016"},{"taxonomy":"product_tag","embeddable":true,"href":"https:\/\/grupotextil.es\/en\/wp-json\/wp\/v2\/product_tag?post=381016"}],"curies":[{"name":"wp","href":"https:\/\/api.w.org\/{rel}","templated":true}]}}