{"id":381052,"date":"2026-03-08T03:26:31","date_gmt":"2026-03-08T02:26:31","guid":{"rendered":"https:\/\/grupotextil.es\/producto\/chaqueta-softshell-smart-hombre\/"},"modified":"2026-03-08T03:26:31","modified_gmt":"2026-03-08T02:26:31","slug":"chaqueta-softshell-smart-hombre","status":"publish","type":"product","link":"https:\/\/grupotextil.es\/en\/product\/chaqueta-softshell-smart-hombre\/","title":{"rendered":"Chaqueta Softshell Smart hombre"},"content":{"rendered":"<ul>\n<li>315 g\/m\u00b2<\/li>\n<li>Exterior: 100% poli\u00e9ster, forro de microfelpa<\/li>\n<li>Ofrece un alto grado de transpirabilidad combinado con la protecci\u00f3n contra el viento y del fr\u00edo<\/li>\n<li>Capa de Tefl\u00f3n impermeable<\/li>\n<li>Cuello cadete<\/li>\n<li>Cuello encintado<\/li>\n<li>2 bolsillos con cremallera<\/li>\n<li>Cremalleras inversas<\/li>\n<li>Espalda mas larga<\/li>\n<li>Acceso para MP3<\/li>\n<\/ul>","protected":false},"excerpt":{"rendered":"<p>315 g\/m\u00b2Exterior: 100% poli\u00e9ster, forro de microfelpaOfrece un alto grado de transpirabilidad combinado con la protecci\u00f3n contra el viento y del fr\u00edoCapa de Tefl\u00f3n impermeableCuello cadeteCuello encin<\/p>","protected":false},"featured_media":419627,"comment_status":"open","ping_status":"closed","template":"","meta":{"_acf_changed":false},"product_brand":[11670],"product_cat":[13991,13990,13981,13974,13930,13975,13973],"product_tag":[],"class_list":{"0":"post-381052","1":"product","2":"type-product","3":"status-publish","4":"has-post-thumbnail","6":"product_brand-russell-europe","7":"product_cat-m-chalecos","8":"product_cat-m-chaquetas-y-abrigos","9":"product_cat-h-chaquetas-y-abrigos","10":"product_cat-ropa-hombre","11":"product_cat-laboral","12":"product_cat-ropa-mujer","13":"product_cat-ropa","14":"tm-no-options","16":"first","17":"instock","18":"taxable","19":"shipping-taxable","20":"product-type-variable"},"acf":[],"_links":{"self":[{"href":"https:\/\/grupotextil.es\/en\/wp-json\/wp\/v2\/product\/381052","targetHints":{"allow":["GET"]}}],"collection":[{"href":"https:\/\/grupotextil.es\/en\/wp-json\/wp\/v2\/product"}],"about":[{"href":"https:\/\/grupotextil.es\/en\/wp-json\/wp\/v2\/types\/product"}],"replies":[{"embeddable":true,"href":"https:\/\/grupotextil.es\/en\/wp-json\/wp\/v2\/comments?post=381052"}],"wp:featuredmedia":[{"embeddable":true,"href":"https:\/\/grupotextil.es\/en\/wp-json\/wp\/v2\/media\/419627"}],"wp:attachment":[{"href":"https:\/\/grupotextil.es\/en\/wp-json\/wp\/v2\/media?parent=381052"}],"wp:term":[{"taxonomy":"product_brand","embeddable":true,"href":"https:\/\/grupotextil.es\/en\/wp-json\/wp\/v2\/product_brand?post=381052"},{"taxonomy":"product_cat","embeddable":true,"href":"https:\/\/grupotextil.es\/en\/wp-json\/wp\/v2\/product_cat?post=381052"},{"taxonomy":"product_tag","embeddable":true,"href":"https:\/\/grupotextil.es\/en\/wp-json\/wp\/v2\/product_tag?post=381052"}],"curies":[{"name":"wp","href":"https:\/\/api.w.org\/{rel}","templated":true}]}}